{"id":14027,"date":"2016-03-07T03:11:04","date_gmt":"2016-03-07T03:11:04","guid":{"rendered":"https:\/\/purtsemetall.ee\/yritys\/"},"modified":"2023-03-09T13:09:59","modified_gmt":"2023-03-09T13:09:59","slug":"yritys","status":"publish","type":"page","link":"https:\/\/purtsemetall.ee\/fi\/yritys\/","title":{"rendered":"Yritys"},"content":{"rendered":"\t\t<div data-elementor-type=\"wp-post\" data-elementor-id=\"14027\" class=\"elementor elementor-14027\">\n\t\t\t\t\t\t<section class=\"elementor-section elementor-top-section elementor-element elementor-element-38471f2 elementor-section-boxed elementor-section-height-default elementor-section-height-default\" data-id=\"38471f2\" data-element_type=\"section\" data-e-type=\"section\">\n\t\t\t\t\t\t<div class=\"elementor-container elementor-column-gap-default\">\n\t\t\t\t\t<div class=\"elementor-column elementor-col-25 elementor-top-column elementor-element elementor-element-1bbaa26 top column-style-top\" data-id=\"1bbaa26\" data-element_type=\"column\" data-e-type=\"column\">\n\t\t\t<div class=\"elementor-widget-wrap elementor-element-populated\">\n\t\t\t\t\t\t<div class=\"elementor-element elementor-element-1da132c elementor-widget elementor-widget-image\" data-id=\"1da132c\" data-element_type=\"widget\" data-e-type=\"widget\" data-widget_type=\"image.default\">\n\t\t\t\t<div class=\"elementor-widget-container\">\n\t\t\t\t\t\t\t\t\t\t\t\t\t\t\t<img fetchpriority=\"high\" decoding=\"async\" width=\"960\" height=\"720\" src=\"https:\/\/purtsemetall.ee\/wp-content\/uploads\/2023\/01\/pmetall1.jpeg\" class=\"attachment-full size-full wp-image-13988\" alt=\"\" srcset=\"https:\/\/purtsemetall.ee\/wp-content\/uploads\/2023\/01\/pmetall1.jpeg 960w, https:\/\/purtsemetall.ee\/wp-content\/uploads\/2023\/01\/pmetall1-768x576.jpeg 768w\" sizes=\"(max-width: 960px) 100vw, 960px\" \/>\t\t\t\t\t\t\t\t\t\t\t\t\t\t\t<\/div>\n\t\t\t\t<\/div>\n\t\t\t\t<div class=\"elementor-element elementor-element-b648e4a elementor-widget elementor-widget-image\" data-id=\"b648e4a\" data-element_type=\"widget\" data-e-type=\"widget\" data-widget_type=\"image.default\">\n\t\t\t\t<div class=\"elementor-widget-container\">\n\t\t\t\t\t\t\t\t\t\t\t\t\t\t\t<img decoding=\"async\" width=\"960\" height=\"720\" src=\"https:\/\/purtsemetall.ee\/wp-content\/uploads\/2023\/01\/pmetall2.jpeg\" class=\"attachment-full size-full wp-image-13985\" alt=\"\" srcset=\"https:\/\/purtsemetall.ee\/wp-content\/uploads\/2023\/01\/pmetall2.jpeg 960w, https:\/\/purtsemetall.ee\/wp-content\/uploads\/2023\/01\/pmetall2-768x576.jpeg 768w\" sizes=\"(max-width: 960px) 100vw, 960px\" \/>\t\t\t\t\t\t\t\t\t\t\t\t\t\t\t<\/div>\n\t\t\t\t<\/div>\n\t\t\t\t\t<\/div>\n\t\t<\/div>\n\t\t\t\t<div class=\"elementor-column elementor-col-25 elementor-top-column elementor-element elementor-element-113c790 top column-style-top\" data-id=\"113c790\" data-element_type=\"column\" data-e-type=\"column\" data-settings=\"{&quot;background_background&quot;:&quot;classic&quot;}\">\n\t\t\t<div class=\"elementor-widget-wrap elementor-element-populated\">\n\t\t\t\t\t\t<div class=\"elementor-element elementor-element-971798b elementor-widget elementor-widget-spacer\" data-id=\"971798b\" data-element_type=\"widget\" data-e-type=\"widget\" data-widget_type=\"spacer.default\">\n\t\t\t\t<div class=\"elementor-widget-container\">\n\t\t\t\t\t\t\t<div class=\"elementor-spacer\">\n\t\t\t<div class=\"elementor-spacer-inner\"><\/div>\n\t\t<\/div>\n\t\t\t\t\t\t<\/div>\n\t\t\t\t<\/div>\n\t\t\t\t\t<\/div>\n\t\t<\/div>\n\t\t\t\t<div class=\"elementor-column elementor-col-50 elementor-top-column elementor-element elementor-element-1d47282 top column-style-top\" data-id=\"1d47282\" data-element_type=\"column\" data-e-type=\"column\">\n\t\t\t<div class=\"elementor-widget-wrap elementor-element-populated\">\n\t\t\t\t\t\t<div class=\"elementor-element elementor-element-ef442b0 elementor-widget elementor-widget-gva-heading-block\" data-id=\"ef442b0\" data-element_type=\"widget\" data-e-type=\"widget\" data-widget_type=\"gva-heading-block.default\">\n\t\t\t\t<div class=\"elementor-widget-container\">\n\t\t\t\t\t<div class=\"gva-element-gva-heading-block gva-element\">   <div class=\"align-left style-1 widget gsc-heading box-align-left\">\r\n      <div class=\"content-inner\">\r\n         \r\n                  \r\n                     <div class=\"clearfix\"><div class=\"sub-title\"><span>ESITTELY<\/span><\/div><\/div>\r\n           \r\n         \r\n                     <h2 class=\"title\">\r\n               <span>Olemme laatupainotteinen metallity\u00f6paja.<\/span>\r\n            <\/h2>\r\n                              <div class=\"title-desc\">Purtse Metall O\u00dc perustettiin vuonna 2018, jolloin otimme ensimm\u00e4iset askeleet uuden yrityksen perustamiseksi. Aloitimme varsinaisen toiminnan alkuvuodesta 2019. Tuotantorakennuksessa valmistuivat ensimm\u00e4iset tilatut metallirakenteet, ja Purtse Metallin tulisijat, grillit ja savustusuunit ilahduttivat uusia omistajia puutarhan nurkassa.\n<br>\n<br>Olemme joustava, asiakasl\u00e4ht\u00f6inen ja laatupainotteinen metalliyritys.\n\n<br>\n<br>Teemme alihankintana erilaisia metallirakenteiden valmistus- ja hitsaust\u00f6it\u00e4. Tarjoamme erilaisia ratkaisuja ja palveluita sek\u00e4 virolaisille ett\u00e4 suomalaisille yrityksille. T\u00f6idemme laatu ja asiakaspalaute on meille t\u00e4rke\u00e4\u00e4. Olemme aina avoimia uusille projekteille ja yhteisty\u00f6kumppaneille.<\/div>\r\n         \r\n         \r\n      <\/div>\r\n   <\/div>\r\n   <div class=\"clearfix\"><\/div>\r\n<\/div>\t\t\t\t<\/div>\n\t\t\t\t<\/div>\n\t\t\t\t\t<\/div>\n\t\t<\/div>\n\t\t\t\t\t<\/div>\n\t\t<\/section>\n\t\t\t\t<\/div>\n\t\t","protected":false},"excerpt":{"rendered":"<p>ESITTELY Olemme laatupainotteinen metallity\u00f6paja. Purtse Metall O\u00dc perustettiin vuonna 2018, jolloin otimme ensimm\u00e4iset askeleet uuden yrityksen perustamiseksi. Aloitimme varsinaisen toiminnan alkuvuodesta 2019. Tuotantorakennuksessa valmistuivat ensimm\u00e4iset tilatut metallirakenteet, ja Purtse Metallin tulisijat, grillit ja savustusuunit ilahduttivat uusia omistajia puutarhan nurkassa. Olemme joustava, asiakasl\u00e4ht\u00f6inen ja laatupainotteinen metalliyritys. Teemme alihankintana erilaisia metallirakenteiden valmistus- ja hitsaust\u00f6it\u00e4. Tarjoamme erilaisia ratkaisuja [&hellip;]<\/p>\n","protected":false},"author":1,"featured_media":0,"parent":0,"menu_order":0,"comment_status":"closed","ping_status":"closed","template":"","meta":{"footnotes":""},"class_list":["post-14027","page","type-page","status-publish","hentry"],"yoast_head":"<!-- This site is optimized with the Yoast SEO plugin v27.3 - https:\/\/yoast.com\/product\/yoast-seo-wordpress\/ -->\n<title>Yritys - Purtse Metall<\/title>\n<meta name=\"robots\" content=\"index, follow, max-snippet:-1, max-image-preview:large, max-video-preview:-1\" \/>\n<link rel=\"canonical\" href=\"https:\/\/purtsemetall.ee\/fi\/yritys\/\" \/>\n<meta property=\"og:locale\" content=\"fi_FI\" \/>\n<meta property=\"og:type\" content=\"article\" \/>\n<meta property=\"og:title\" content=\"Yritys - Purtse Metall\" \/>\n<meta property=\"og:description\" content=\"ESITTELY Olemme laatupainotteinen metallity\u00f6paja. Purtse Metall O\u00dc perustettiin vuonna 2018, jolloin otimme ensimm\u00e4iset askeleet uuden yrityksen perustamiseksi. Aloitimme varsinaisen toiminnan alkuvuodesta 2019. Tuotantorakennuksessa valmistuivat ensimm\u00e4iset tilatut metallirakenteet, ja Purtse Metallin tulisijat, grillit ja savustusuunit ilahduttivat uusia omistajia puutarhan nurkassa. Olemme joustava, asiakasl\u00e4ht\u00f6inen ja laatupainotteinen metalliyritys. Teemme alihankintana erilaisia metallirakenteiden valmistus- ja hitsaust\u00f6it\u00e4. Tarjoamme erilaisia ratkaisuja [&hellip;]\" \/>\n<meta property=\"og:url\" content=\"https:\/\/purtsemetall.ee\/fi\/yritys\/\" \/>\n<meta property=\"og:site_name\" content=\"Purtse Metall\" \/>\n<meta property=\"article:publisher\" content=\"https:\/\/www.facebook.com\/profile.php?id=100057048776593\" \/>\n<meta property=\"article:modified_time\" content=\"2023-03-09T13:09:59+00:00\" \/>\n<meta property=\"og:image\" content=\"http:\/\/purtsemetall.ee\/wp-content\/uploads\/2023\/01\/pmetall1.jpeg\" \/>\n<meta name=\"twitter:card\" content=\"summary_large_image\" \/>\n<script type=\"application\/ld+json\" class=\"yoast-schema-graph\">{\"@context\":\"https:\\\/\\\/schema.org\",\"@graph\":[{\"@type\":\"WebPage\",\"@id\":\"https:\\\/\\\/purtsemetall.ee\\\/fi\\\/yritys\\\/\",\"url\":\"https:\\\/\\\/purtsemetall.ee\\\/fi\\\/yritys\\\/\",\"name\":\"Yritys - Purtse Metall\",\"isPartOf\":{\"@id\":\"https:\\\/\\\/purtsemetall.ee\\\/fi\\\/#website\"},\"primaryImageOfPage\":{\"@id\":\"https:\\\/\\\/purtsemetall.ee\\\/fi\\\/yritys\\\/#primaryimage\"},\"image\":{\"@id\":\"https:\\\/\\\/purtsemetall.ee\\\/fi\\\/yritys\\\/#primaryimage\"},\"thumbnailUrl\":\"http:\\\/\\\/purtsemetall.ee\\\/wp-content\\\/uploads\\\/2023\\\/01\\\/pmetall1.jpeg\",\"datePublished\":\"2016-03-07T03:11:04+00:00\",\"dateModified\":\"2023-03-09T13:09:59+00:00\",\"breadcrumb\":{\"@id\":\"https:\\\/\\\/purtsemetall.ee\\\/fi\\\/yritys\\\/#breadcrumb\"},\"inLanguage\":\"fi\",\"potentialAction\":[{\"@type\":\"ReadAction\",\"target\":[\"https:\\\/\\\/purtsemetall.ee\\\/fi\\\/yritys\\\/\"]}]},{\"@type\":\"ImageObject\",\"inLanguage\":\"fi\",\"@id\":\"https:\\\/\\\/purtsemetall.ee\\\/fi\\\/yritys\\\/#primaryimage\",\"url\":\"http:\\\/\\\/purtsemetall.ee\\\/wp-content\\\/uploads\\\/2023\\\/01\\\/pmetall1.jpeg\",\"contentUrl\":\"http:\\\/\\\/purtsemetall.ee\\\/wp-content\\\/uploads\\\/2023\\\/01\\\/pmetall1.jpeg\"},{\"@type\":\"BreadcrumbList\",\"@id\":\"https:\\\/\\\/purtsemetall.ee\\\/fi\\\/yritys\\\/#breadcrumb\",\"itemListElement\":[{\"@type\":\"ListItem\",\"position\":1,\"name\":\"Home\",\"item\":\"https:\\\/\\\/purtsemetall.ee\\\/fi\\\/\"},{\"@type\":\"ListItem\",\"position\":2,\"name\":\"Yritys\"}]},{\"@type\":\"WebSite\",\"@id\":\"https:\\\/\\\/purtsemetall.ee\\\/fi\\\/#website\",\"url\":\"https:\\\/\\\/purtsemetall.ee\\\/fi\\\/\",\"name\":\"Purtse Metall\",\"description\":\"Anname metallile soovitud kuju\",\"publisher\":{\"@id\":\"https:\\\/\\\/purtsemetall.ee\\\/fi\\\/#organization\"},\"potentialAction\":[{\"@type\":\"SearchAction\",\"target\":{\"@type\":\"EntryPoint\",\"urlTemplate\":\"https:\\\/\\\/purtsemetall.ee\\\/fi\\\/?s={search_term_string}\"},\"query-input\":{\"@type\":\"PropertyValueSpecification\",\"valueRequired\":true,\"valueName\":\"search_term_string\"}}],\"inLanguage\":\"fi\"},{\"@type\":\"Organization\",\"@id\":\"https:\\\/\\\/purtsemetall.ee\\\/fi\\\/#organization\",\"name\":\"Purtse Metall\",\"url\":\"https:\\\/\\\/purtsemetall.ee\\\/fi\\\/\",\"logo\":{\"@type\":\"ImageObject\",\"inLanguage\":\"fi\",\"@id\":\"https:\\\/\\\/purtsemetall.ee\\\/fi\\\/#\\\/schema\\\/logo\\\/image\\\/\",\"url\":\"http:\\\/\\\/purtsemetall.ee\\\/wp-content\\\/uploads\\\/2022\\\/02\\\/purtse_logo2.jpg\",\"contentUrl\":\"http:\\\/\\\/purtsemetall.ee\\\/wp-content\\\/uploads\\\/2022\\\/02\\\/purtse_logo2.jpg\",\"width\":351,\"height\":221,\"caption\":\"Purtse Metall\"},\"image\":{\"@id\":\"https:\\\/\\\/purtsemetall.ee\\\/fi\\\/#\\\/schema\\\/logo\\\/image\\\/\"},\"sameAs\":[\"https:\\\/\\\/www.facebook.com\\\/profile.php?id=100057048776593\"]}]}<\/script>\n<!-- \/ Yoast SEO plugin. -->","yoast_head_json":{"title":"Yritys - Purtse Metall","robots":{"index":"index","follow":"follow","max-snippet":"max-snippet:-1","max-image-preview":"max-image-preview:large","max-video-preview":"max-video-preview:-1"},"canonical":"https:\/\/purtsemetall.ee\/fi\/yritys\/","og_locale":"fi_FI","og_type":"article","og_title":"Yritys - Purtse Metall","og_description":"ESITTELY Olemme laatupainotteinen metallity\u00f6paja. Purtse Metall O\u00dc perustettiin vuonna 2018, jolloin otimme ensimm\u00e4iset askeleet uuden yrityksen perustamiseksi. Aloitimme varsinaisen toiminnan alkuvuodesta 2019. Tuotantorakennuksessa valmistuivat ensimm\u00e4iset tilatut metallirakenteet, ja Purtse Metallin tulisijat, grillit ja savustusuunit ilahduttivat uusia omistajia puutarhan nurkassa. Olemme joustava, asiakasl\u00e4ht\u00f6inen ja laatupainotteinen metalliyritys. Teemme alihankintana erilaisia metallirakenteiden valmistus- ja hitsaust\u00f6it\u00e4. Tarjoamme erilaisia ratkaisuja [&hellip;]","og_url":"https:\/\/purtsemetall.ee\/fi\/yritys\/","og_site_name":"Purtse Metall","article_publisher":"https:\/\/www.facebook.com\/profile.php?id=100057048776593","article_modified_time":"2023-03-09T13:09:59+00:00","og_image":[{"url":"http:\/\/purtsemetall.ee\/wp-content\/uploads\/2023\/01\/pmetall1.jpeg","type":"","width":"","height":""}],"twitter_card":"summary_large_image","schema":{"@context":"https:\/\/schema.org","@graph":[{"@type":"WebPage","@id":"https:\/\/purtsemetall.ee\/fi\/yritys\/","url":"https:\/\/purtsemetall.ee\/fi\/yritys\/","name":"Yritys - Purtse Metall","isPartOf":{"@id":"https:\/\/purtsemetall.ee\/fi\/#website"},"primaryImageOfPage":{"@id":"https:\/\/purtsemetall.ee\/fi\/yritys\/#primaryimage"},"image":{"@id":"https:\/\/purtsemetall.ee\/fi\/yritys\/#primaryimage"},"thumbnailUrl":"http:\/\/purtsemetall.ee\/wp-content\/uploads\/2023\/01\/pmetall1.jpeg","datePublished":"2016-03-07T03:11:04+00:00","dateModified":"2023-03-09T13:09:59+00:00","breadcrumb":{"@id":"https:\/\/purtsemetall.ee\/fi\/yritys\/#breadcrumb"},"inLanguage":"fi","potentialAction":[{"@type":"ReadAction","target":["https:\/\/purtsemetall.ee\/fi\/yritys\/"]}]},{"@type":"ImageObject","inLanguage":"fi","@id":"https:\/\/purtsemetall.ee\/fi\/yritys\/#primaryimage","url":"http:\/\/purtsemetall.ee\/wp-content\/uploads\/2023\/01\/pmetall1.jpeg","contentUrl":"http:\/\/purtsemetall.ee\/wp-content\/uploads\/2023\/01\/pmetall1.jpeg"},{"@type":"BreadcrumbList","@id":"https:\/\/purtsemetall.ee\/fi\/yritys\/#breadcrumb","itemListElement":[{"@type":"ListItem","position":1,"name":"Home","item":"https:\/\/purtsemetall.ee\/fi\/"},{"@type":"ListItem","position":2,"name":"Yritys"}]},{"@type":"WebSite","@id":"https:\/\/purtsemetall.ee\/fi\/#website","url":"https:\/\/purtsemetall.ee\/fi\/","name":"Purtse Metall","description":"Anname metallile soovitud kuju","publisher":{"@id":"https:\/\/purtsemetall.ee\/fi\/#organization"},"potentialAction":[{"@type":"SearchAction","target":{"@type":"EntryPoint","urlTemplate":"https:\/\/purtsemetall.ee\/fi\/?s={search_term_string}"},"query-input":{"@type":"PropertyValueSpecification","valueRequired":true,"valueName":"search_term_string"}}],"inLanguage":"fi"},{"@type":"Organization","@id":"https:\/\/purtsemetall.ee\/fi\/#organization","name":"Purtse Metall","url":"https:\/\/purtsemetall.ee\/fi\/","logo":{"@type":"ImageObject","inLanguage":"fi","@id":"https:\/\/purtsemetall.ee\/fi\/#\/schema\/logo\/image\/","url":"http:\/\/purtsemetall.ee\/wp-content\/uploads\/2022\/02\/purtse_logo2.jpg","contentUrl":"http:\/\/purtsemetall.ee\/wp-content\/uploads\/2022\/02\/purtse_logo2.jpg","width":351,"height":221,"caption":"Purtse Metall"},"image":{"@id":"https:\/\/purtsemetall.ee\/fi\/#\/schema\/logo\/image\/"},"sameAs":["https:\/\/www.facebook.com\/profile.php?id=100057048776593"]}]}},"_links":{"self":[{"href":"https:\/\/purtsemetall.ee\/fi\/wp-json\/wp\/v2\/pages\/14027","targetHints":{"allow":["GET"]}}],"collection":[{"href":"https:\/\/purtsemetall.ee\/fi\/wp-json\/wp\/v2\/pages"}],"about":[{"href":"https:\/\/purtsemetall.ee\/fi\/wp-json\/wp\/v2\/types\/page"}],"author":[{"embeddable":true,"href":"https:\/\/purtsemetall.ee\/fi\/wp-json\/wp\/v2\/users\/1"}],"replies":[{"embeddable":true,"href":"https:\/\/purtsemetall.ee\/fi\/wp-json\/wp\/v2\/comments?post=14027"}],"version-history":[{"count":5,"href":"https:\/\/purtsemetall.ee\/fi\/wp-json\/wp\/v2\/pages\/14027\/revisions"}],"predecessor-version":[{"id":14293,"href":"https:\/\/purtsemetall.ee\/fi\/wp-json\/wp\/v2\/pages\/14027\/revisions\/14293"}],"wp:attachment":[{"href":"https:\/\/purtsemetall.ee\/fi\/wp-json\/wp\/v2\/media?parent=14027"}],"curies":[{"name":"wp","href":"https:\/\/api.w.org\/{rel}","templated":true}]}}