{"id":14037,"date":"2019-04-01T04:06:30","date_gmt":"2019-04-01T04:06:30","guid":{"rendered":"https:\/\/purtsemetall.ee\/etusivu\/"},"modified":"2023-03-09T12:05:15","modified_gmt":"2023-03-09T12:05:15","slug":"etusivu","status":"publish","type":"page","link":"https:\/\/purtsemetall.ee\/fi\/","title":{"rendered":"Etusivu"},"content":{"rendered":"\t\t<div data-elementor-type=\"wp-post\" data-elementor-id=\"14037\" class=\"elementor elementor-14037\">\n\t\t\t\t\t\t<section class=\"elementor-section elementor-top-section elementor-element elementor-element-1947c5a elementor-section-full_width bg-overlay-top elementor-section-height-default elementor-section-height-default\" data-id=\"1947c5a\" data-element_type=\"section\" data-e-type=\"section\">\n\t\t\t\t\t\t\t<div class=\"elementor-background-overlay\"><\/div>\n\t\t\t\t\t\t\t<div class=\"elementor-container elementor-column-gap-no\">\n\t\t\t\t\t<div class=\"elementor-column elementor-col-100 elementor-top-column elementor-element elementor-element-e8db23f top column-style-top\" data-id=\"e8db23f\" data-element_type=\"column\" data-e-type=\"column\">\n\t\t\t<div class=\"elementor-widget-wrap elementor-element-populated\">\n\t\t\t\t\t\t<div class=\"elementor-element elementor-element-f5e3e5e elementor-widget elementor-widget-gva-rev-slider\" data-id=\"f5e3e5e\" data-element_type=\"widget\" data-e-type=\"widget\" id=\"1\" data-widget_type=\"gva-rev-slider.default\">\n\t\t\t\t<div class=\"elementor-widget-container\">\n\t\t\t\t\t<div class=\"gva-element-gva-rev-slider gva-element\">\n\t\t\t<!-- START Slider I REVOLUTION SLIDER 6.6.20 --><p class=\"rs-p-wp-fix\"><\/p>\n\t\t\t<rs-module-wrap id=\"rev_slider_1_1_wrapper\" data-source=\"gallery\" style=\"visibility:hidden;background:transparent;padding:0;margin:0px auto;margin-top:0;margin-bottom:0;max-width:100%;\">\n\t\t\t\t<rs-module id=\"rev_slider_1_1\" style=\"\" data-version=\"6.6.20\">\n\t\t\t\t\t<rs-slides style=\"overflow: hidden; position: absolute;\">\n\t\t\t\t\t\t<rs-slide style=\"position: absolute;\" data-key=\"rs-10\" data-title=\"Slide\" data-anim=\"d:15;ms:1000;f:center;\" data-in=\"prst:rndany;o:0;x:cyc(-10|10|-20|20|-30|30);y:cyc(-10|10|-20|20|-30|30);r:cyc(-10|10|-20|20|-30|30);sx:cyc(2|4);sy:cyc(2|4);e:BounceExtrem;row:20;col:20;\" data-out=\"a:false;\" data-alttrans=\"random-premium,random\">\n\t\t\t\t\t\t\t<img fetchpriority=\"high\" decoding=\"async\" src=\"\/\/purtsemetall.ee\/wp-content\/plugins\/revslider\/public\/assets\/assets\/dummy.png\" alt=\"\" title=\"weld1\" width=\"2560\" height=\"1697\" class=\"rev-slidebg tp-rs-img rs-lazyload\" data-lazyload=\"\/\/purtsemetall.ee\/wp-content\/uploads\/2022\/02\/weld1-scaled.jpg\" data-parallax=\"9\" data-no-retina>\n<!--\n\t\t\t\t\t\t\t--><a\n\t\t\t\t\t\t\t\tid=\"slider-1-slide-10-layer-20\" \n\t\t\t\t\t\t\t\tclass=\"rs-layer btn-slider rev-btn\"\n\t\t\t\t\t\t\t\thref=\"https:\/\/purtsemetall.ee\/fi\/yritys\/\" target=\"_self\" rel=\"nofollow\"\n\t\t\t\t\t\t\t\tdata-type=\"button\"\n\t\t\t\t\t\t\t\tdata-xy=\"x:c;y:m;yo:115px,115px,124px,109px;\"\n\t\t\t\t\t\t\t\tdata-text=\"s:14,14,12,12;l:28,28,28,16;ls:1.4px;fw:700;a:inherit;\"\n\t\t\t\t\t\t\t\tdata-rsp_bd=\"off\"\n\t\t\t\t\t\t\t\tdata-padding=\"t:24,24,12,15;r:50,50,30,30;b:24,24,12,15;l:50,50,30,30;\"\n\t\t\t\t\t\t\t\tdata-frame_0=\"sX:2;sY:2;\"\n\t\t\t\t\t\t\t\tdata-frame_0_mask=\"u:t;\"\n\t\t\t\t\t\t\t\tdata-frame_1=\"e:power2.out;st:2050;sp:1000;sR:2050;\"\n\t\t\t\t\t\t\t\tdata-frame_1_mask=\"u:t;\"\n\t\t\t\t\t\t\t\tdata-frame_999=\"o:0;st:w;sR:5950;\"\n\t\t\t\t\t\t\t\tstyle=\"z-index:10;background-color:#ff8f27;font-family:'Poppins';text-transform:uppercase;cursor:pointer;outline:none;box-shadow:none;box-sizing:border-box;-moz-box-sizing:border-box;-webkit-box-sizing:border-box;\"\n\t\t\t\t\t\t\t><span>Esittely<\/span> \n\t\t\t\t\t\t\t<\/a><!--\n\n\t\t\t\t\t\t\t--><rs-layer\n\t\t\t\t\t\t\t\tid=\"slider-1-slide-10-layer-28\" \n\t\t\t\t\t\t\t\tdata-type=\"text\"\n\t\t\t\t\t\t\t\tdata-rsp_ch=\"on\"\n\t\t\t\t\t\t\t\tdata-xy=\"x:c;xo:0,0,12px,0;y:m;yo:-180px,-180px,-109px,-80px;\"\n\t\t\t\t\t\t\t\tdata-text=\"w:normal;s:20,20,18,16;l:26,26,20,16;fw:500;td:underline;\"\n\t\t\t\t\t\t\t\tdata-padding=\"t:10,10,8,8;r:20,20,15,12;b:10,10,8,8;l:20,20,15,12;\"\n\t\t\t\t\t\t\t\tdata-frame_0=\"sX:2;sY:2;\"\n\t\t\t\t\t\t\t\tdata-frame_0_mask=\"u:t;\"\n\t\t\t\t\t\t\t\tdata-frame_1=\"e:power2.out;st:670;sp:1000;sR:670;\"\n\t\t\t\t\t\t\t\tdata-frame_1_mask=\"u:t;\"\n\t\t\t\t\t\t\t\tdata-frame_999=\"o:0;st:w;sR:7330;\"\n\t\t\t\t\t\t\t\tstyle=\"z-index:7;font-family:'Poppins';text-decoration:underline;\"\n\t\t\t\t\t\t\t>Tervetuloa metallink\u00e4sittelyn maailmaan! \n\t\t\t\t\t\t\t<\/rs-layer><!--\n\n\t\t\t\t\t\t\t--><rs-layer\n\t\t\t\t\t\t\t\tid=\"slider-1-slide-10-layer-35\" \n\t\t\t\t\t\t\t\tdata-type=\"text\"\n\t\t\t\t\t\t\t\tdata-rsp_ch=\"on\"\n\t\t\t\t\t\t\t\tdata-xy=\"x:c;y:m;yo:-48px,-48px,-1px,5px;\"\n\t\t\t\t\t\t\t\tdata-text=\"w:normal;s:90,90,70,46;l:100,100,75,50;fw:800,800,700,700;a:center;\"\n\t\t\t\t\t\t\t\tdata-frame_0=\"sX:2;sY:2;\"\n\t\t\t\t\t\t\t\tdata-frame_0_mask=\"u:t;\"\n\t\t\t\t\t\t\t\tdata-frame_1=\"e:power2.out;st:1420;sp:1000;sR:1420;\"\n\t\t\t\t\t\t\t\tdata-frame_1_mask=\"u:t;\"\n\t\t\t\t\t\t\t\tdata-frame_999=\"o:0;st:w;sR:6580;\"\n\t\t\t\t\t\t\t\tstyle=\"z-index:6;font-family:'Poppins';\"\n\t\t\t\t\t\t\t>Muotoilemme toiveesi <br \/>\nmetallista \n\t\t\t\t\t\t\t<\/rs-layer><!--\n-->\t\t\t\t\t\t<\/rs-slide>\n\t\t\t\t\t<\/rs-slides>\n\t\t\t\t<\/rs-module>\n\t\t\t\t<script>\n\t\t\t\t\tsetREVStartSize({c: 'rev_slider_1_1',rl:[1240,1240,778,480],el:[820,820,580,440],gw:[1170,1170,778,480],gh:[820,820,580,440],type:'standard',justify:'',layout:'fullwidth',mh:\"0\"});if (window.RS_MODULES!==undefined && window.RS_MODULES.modules!==undefined && window.RS_MODULES.modules[\"revslider11\"]!==undefined) {window.RS_MODULES.modules[\"revslider11\"].once = false;window.revapi1 = undefined;if (window.RS_MODULES.checkMinimal!==undefined) window.RS_MODULES.checkMinimal()}\n\t\t\t\t<\/script>\n\t\t\t<\/rs-module-wrap>\n\t\t\t<!-- END REVOLUTION SLIDER -->\n<\/div>\t\t\t\t<\/div>\n\t\t\t\t<\/div>\n\t\t\t\t\t<\/div>\n\t\t<\/div>\n\t\t\t\t\t<\/div>\n\t\t<\/section>\n\t\t\t\t<section class=\"elementor-section elementor-top-section elementor-element elementor-element-c29c320 bg-row-theme elementor-section-boxed elementor-section-height-default elementor-section-height-default\" data-id=\"c29c320\" data-element_type=\"section\" data-e-type=\"section\">\n\t\t\t\t\t\t<div class=\"elementor-container elementor-column-gap-default\">\n\t\t\t\t\t<div class=\"elementor-column elementor-col-100 elementor-top-column elementor-element elementor-element-e51b296 top column-style-top\" data-id=\"e51b296\" data-element_type=\"column\" data-e-type=\"column\">\n\t\t\t<div class=\"elementor-widget-wrap elementor-element-populated\">\n\t\t\t\t\t\t<div class=\"elementor-element elementor-element-1f5842d elementor-widget elementor-widget-gva-call-to-action\" data-id=\"1f5842d\" data-element_type=\"widget\" data-e-type=\"widget\" data-widget_type=\"gva-call-to-action.default\">\n\t\t\t\t<div class=\"elementor-widget-container\">\n\t\t\t\t\t<div class=\"gva-element-gva-call-to-action gva-element\">\r\n   <div class=\"button-right widget gsc-call-to-action\">\r\n      <div class=\"content-inner clearfix\" >\r\n         <div class=\"cta-content\">\r\n                           <h2 class=\"title\">\r\n                  <span>Huippulaatu on prioriteettimme<\/span>\r\n               <\/h2>\r\n                                             <\/div>\r\n                     <div class=\"button-action\">\r\n                       <a href=\"https:\/\/purtsemetall.ee\/fi\/tuotteemme\/\" class=\"btn-cta btn-black\">\r\n          <span>Tekemi\u00e4mme t\u00f6it\u00e4<\/span>\r\n        <\/a>\r\n\r\n                    <\/div>\r\n               <\/div>\r\n   <\/div>\r\n<\/div>\t\t\t\t<\/div>\n\t\t\t\t<\/div>\n\t\t\t\t\t<\/div>\n\t\t<\/div>\n\t\t\t\t\t<\/div>\n\t\t<\/section>\n\t\t\t\t<section class=\"elementor-section elementor-top-section elementor-element elementor-element-a653183 elementor-section-boxed elementor-section-height-default elementor-section-height-default\" data-id=\"a653183\" data-element_type=\"section\" data-e-type=\"section\" data-settings=\"{&quot;background_background&quot;:&quot;classic&quot;}\">\n\t\t\t\t\t\t\t<div class=\"elementor-background-overlay\"><\/div>\n\t\t\t\t\t\t\t<div class=\"elementor-container elementor-column-gap-default\">\n\t\t\t\t\t<div class=\"elementor-column elementor-col-33 elementor-top-column elementor-element elementor-element-ed4d755 column-style-bg-overflow-left top\" data-id=\"ed4d755\" data-element_type=\"column\" data-e-type=\"column\" data-settings=\"{&quot;background_background&quot;:&quot;classic&quot;}\">\n\t\t\t<div class=\"elementor-widget-wrap\">\n\t\t\t\t\t\t\t<\/div>\n\t\t<\/div>\n\t\t\t\t<div class=\"elementor-column elementor-col-33 elementor-top-column elementor-element elementor-element-e85d3f7 elementor-hidden-phone top column-style-top\" data-id=\"e85d3f7\" data-element_type=\"column\" data-e-type=\"column\" data-settings=\"{&quot;background_background&quot;:&quot;classic&quot;}\">\n\t\t\t<div class=\"elementor-widget-wrap\">\n\t\t\t\t\t\t\t<\/div>\n\t\t<\/div>\n\t\t\t\t<div class=\"elementor-column elementor-col-33 elementor-top-column elementor-element elementor-element-97299b5 top column-style-top\" data-id=\"97299b5\" data-element_type=\"column\" data-e-type=\"column\" data-settings=\"{&quot;background_background&quot;:&quot;classic&quot;}\">\n\t\t\t<div class=\"elementor-widget-wrap elementor-element-populated\">\n\t\t\t\t\t\t<div class=\"elementor-element elementor-element-3de3762 elementor-widget elementor-widget-gva-heading-block\" data-id=\"3de3762\" data-element_type=\"widget\" data-e-type=\"widget\" data-widget_type=\"gva-heading-block.default\">\n\t\t\t\t<div class=\"elementor-widget-container\">\n\t\t\t\t\t<div class=\"gva-element-gva-heading-block gva-element\">   <div class=\"align-left style-1 widget gsc-heading box-align-left\">\r\n      <div class=\"content-inner\">\r\n         \r\n                  \r\n                     <div class=\"clearfix\"><div class=\"sub-title\"><span>YRITYS<\/span><\/div><\/div>\r\n           \r\n         \r\n                     <h2 class=\"title\">\r\n               <span>Laatupainotteinen metallity\u00f6paja<\/span>\r\n            <\/h2>\r\n                  \r\n         \r\n      <\/div>\r\n   <\/div>\r\n   <div class=\"clearfix\"><\/div>\r\n<\/div>\t\t\t\t<\/div>\n\t\t\t\t<\/div>\n\t\t\t\t<div class=\"elementor-element elementor-element-7a6ce9f elementor-widget elementor-widget-text-editor\" data-id=\"7a6ce9f\" data-element_type=\"widget\" data-e-type=\"widget\" data-widget_type=\"text-editor.default\">\n\t\t\t\t<div class=\"elementor-widget-container\">\n\t\t\t\t\t\t\t\t\t<p>Teemme alihankintana erilaisia metallirakenteiden valmistust\u00f6it\u00e4 ja hitsaust\u00f6it\u00e4. Tarjoamme erilaisia ratkaisuja ja palveluita sek\u00e4 virolaisille ett\u00e4 suomalaisille yrityksille. T\u00f6idemme laatu ja asiakaspalaute on meille t\u00e4rke\u00e4\u00e4. Olemme aina avoimia uusille projekteille ja yhteisty\u00f6kumppaneille.<\/p>\n<p>Olemme joustava, asiakasl\u00e4ht\u00f6inen ja laatupainotteinen metallipaja.<\/p>\n\t\t\t\t\t\t\t\t<\/div>\n\t\t\t\t<\/div>\n\t\t\t\t<section class=\"elementor-section elementor-inner-section elementor-element elementor-element-97ef1be elementor-section-boxed elementor-section-height-default elementor-section-height-default\" data-id=\"97ef1be\" data-element_type=\"section\" data-e-type=\"section\" data-settings=\"{&quot;background_background&quot;:&quot;classic&quot;}\">\n\t\t\t\t\t\t<div class=\"elementor-container elementor-column-gap-default\">\n\t\t\t\t\t<div class=\"elementor-column elementor-col-100 elementor-inner-column elementor-element elementor-element-7d0388e top column-style-top\" data-id=\"7d0388e\" data-element_type=\"column\" data-e-type=\"column\" data-settings=\"{&quot;background_background&quot;:&quot;classic&quot;}\">\n\t\t\t<div class=\"elementor-widget-wrap elementor-element-populated\">\n\t\t\t\t\t\t<div class=\"elementor-element elementor-element-9d40ea9 elementor-widget elementor-widget-heading\" data-id=\"9d40ea9\" data-element_type=\"widget\" data-e-type=\"widget\" data-widget_type=\"heading.default\">\n\t\t\t\t<div class=\"elementor-widget-container\">\n\t\t\t\t\t<h6 class=\"elementor-heading-title elementor-size-default\">Heiki Kuusmik<\/h6>\t\t\t\t<\/div>\n\t\t\t\t<\/div>\n\t\t\t\t<div class=\"elementor-element elementor-element-2eca8b6 elementor-widget elementor-widget-text-editor\" data-id=\"2eca8b6\" data-element_type=\"widget\" data-e-type=\"widget\" data-widget_type=\"text-editor.default\">\n\t\t\t\t<div class=\"elementor-widget-container\">\n\t\t\t\t\t\t\t\t\t<p>Perustaja<\/p>\n\t\t\t\t\t\t\t\t<\/div>\n\t\t\t\t<\/div>\n\t\t\t\t\t<\/div>\n\t\t<\/div>\n\t\t\t\t\t<\/div>\n\t\t<\/section>\n\t\t\t\t\t<\/div>\n\t\t<\/div>\n\t\t\t\t\t<\/div>\n\t\t<\/section>\n\t\t\t\t<\/div>\n\t\t","protected":false},"excerpt":{"rendered":"<p>Esittely Tervetuloa metallink\u00e4sittelyn maailmaan! Muotoilemme toiveesi metallista Huippulaatu on prioriteettimme Tekemi\u00e4mme t\u00f6it\u00e4 YRITYS Laatupainotteinen metallity\u00f6paja Teemme alihankintana erilaisia metallirakenteiden valmistust\u00f6it\u00e4 ja hitsaust\u00f6it\u00e4. Tarjoamme erilaisia ratkaisuja ja palveluita sek\u00e4 virolaisille ett\u00e4 suomalaisille yrityksille. T\u00f6idemme laatu ja asiakaspalaute on meille t\u00e4rke\u00e4\u00e4. Olemme aina avoimia uusille projekteille ja yhteisty\u00f6kumppaneille. Olemme joustava, asiakasl\u00e4ht\u00f6inen ja laatupainotteinen metallipaja. Heiki Kuusmik Perustaja<\/p>\n","protected":false},"author":1,"featured_media":0,"parent":0,"menu_order":0,"comment_status":"closed","ping_status":"closed","template":"","meta":{"footnotes":""},"class_list":["post-14037","page","type-page","status-publish","hentry"],"yoast_head":"<!-- This site is optimized with the Yoast SEO plugin v27.3 - https:\/\/yoast.com\/product\/yoast-seo-wordpress\/ -->\n<title>Etusivu - Purtse Metall<\/title>\n<meta name=\"robots\" content=\"index, follow, max-snippet:-1, max-image-preview:large, max-video-preview:-1\" \/>\n<link rel=\"canonical\" href=\"https:\/\/purtsemetall.ee\/fi\/\" \/>\n<meta property=\"og:locale\" content=\"fi_FI\" \/>\n<meta property=\"og:type\" content=\"article\" \/>\n<meta property=\"og:title\" content=\"Etusivu - Purtse Metall\" \/>\n<meta property=\"og:description\" content=\"Esittely Tervetuloa metallink\u00e4sittelyn maailmaan! Muotoilemme toiveesi metallista Huippulaatu on prioriteettimme Tekemi\u00e4mme t\u00f6it\u00e4 YRITYS Laatupainotteinen metallity\u00f6paja Teemme alihankintana erilaisia metallirakenteiden valmistust\u00f6it\u00e4 ja hitsaust\u00f6it\u00e4. Tarjoamme erilaisia ratkaisuja ja palveluita sek\u00e4 virolaisille ett\u00e4 suomalaisille yrityksille. T\u00f6idemme laatu ja asiakaspalaute on meille t\u00e4rke\u00e4\u00e4. Olemme aina avoimia uusille projekteille ja yhteisty\u00f6kumppaneille. Olemme joustava, asiakasl\u00e4ht\u00f6inen ja laatupainotteinen metallipaja. Heiki Kuusmik Perustaja\" \/>\n<meta property=\"og:url\" content=\"https:\/\/purtsemetall.ee\/fi\/\" \/>\n<meta property=\"og:site_name\" content=\"Purtse Metall\" \/>\n<meta property=\"article:publisher\" content=\"https:\/\/www.facebook.com\/profile.php?id=100057048776593\" \/>\n<meta property=\"article:modified_time\" content=\"2023-03-09T12:05:15+00:00\" \/>\n<meta name=\"twitter:card\" content=\"summary_large_image\" \/>\n<script type=\"application\/ld+json\" class=\"yoast-schema-graph\">{\"@context\":\"https:\\\/\\\/schema.org\",\"@graph\":[{\"@type\":\"WebPage\",\"@id\":\"https:\\\/\\\/purtsemetall.ee\\\/fi\\\/\",\"url\":\"https:\\\/\\\/purtsemetall.ee\\\/fi\\\/\",\"name\":\"Etusivu - Purtse Metall\",\"isPartOf\":{\"@id\":\"https:\\\/\\\/purtsemetall.ee\\\/fi\\\/#website\"},\"datePublished\":\"2019-04-01T04:06:30+00:00\",\"dateModified\":\"2023-03-09T12:05:15+00:00\",\"breadcrumb\":{\"@id\":\"https:\\\/\\\/purtsemetall.ee\\\/fi\\\/#breadcrumb\"},\"inLanguage\":\"fi\",\"potentialAction\":[{\"@type\":\"ReadAction\",\"target\":[\"https:\\\/\\\/purtsemetall.ee\\\/fi\\\/\"]}]},{\"@type\":\"BreadcrumbList\",\"@id\":\"https:\\\/\\\/purtsemetall.ee\\\/fi\\\/#breadcrumb\",\"itemListElement\":[{\"@type\":\"ListItem\",\"position\":1,\"name\":\"Home\",\"item\":\"https:\\\/\\\/purtsemetall.ee\\\/fi\\\/\"},{\"@type\":\"ListItem\",\"position\":2,\"name\":\"Etusivu\"}]},{\"@type\":\"WebSite\",\"@id\":\"https:\\\/\\\/purtsemetall.ee\\\/fi\\\/#website\",\"url\":\"https:\\\/\\\/purtsemetall.ee\\\/fi\\\/\",\"name\":\"Purtse Metall\",\"description\":\"Anname metallile soovitud kuju\",\"publisher\":{\"@id\":\"https:\\\/\\\/purtsemetall.ee\\\/fi\\\/#organization\"},\"potentialAction\":[{\"@type\":\"SearchAction\",\"target\":{\"@type\":\"EntryPoint\",\"urlTemplate\":\"https:\\\/\\\/purtsemetall.ee\\\/fi\\\/?s={search_term_string}\"},\"query-input\":{\"@type\":\"PropertyValueSpecification\",\"valueRequired\":true,\"valueName\":\"search_term_string\"}}],\"inLanguage\":\"fi\"},{\"@type\":\"Organization\",\"@id\":\"https:\\\/\\\/purtsemetall.ee\\\/fi\\\/#organization\",\"name\":\"Purtse Metall\",\"url\":\"https:\\\/\\\/purtsemetall.ee\\\/fi\\\/\",\"logo\":{\"@type\":\"ImageObject\",\"inLanguage\":\"fi\",\"@id\":\"https:\\\/\\\/purtsemetall.ee\\\/fi\\\/#\\\/schema\\\/logo\\\/image\\\/\",\"url\":\"http:\\\/\\\/purtsemetall.ee\\\/wp-content\\\/uploads\\\/2022\\\/02\\\/purtse_logo2.jpg\",\"contentUrl\":\"http:\\\/\\\/purtsemetall.ee\\\/wp-content\\\/uploads\\\/2022\\\/02\\\/purtse_logo2.jpg\",\"width\":351,\"height\":221,\"caption\":\"Purtse Metall\"},\"image\":{\"@id\":\"https:\\\/\\\/purtsemetall.ee\\\/fi\\\/#\\\/schema\\\/logo\\\/image\\\/\"},\"sameAs\":[\"https:\\\/\\\/www.facebook.com\\\/profile.php?id=100057048776593\"]}]}<\/script>\n<!-- \/ Yoast SEO plugin. -->","yoast_head_json":{"title":"Etusivu - Purtse Metall","robots":{"index":"index","follow":"follow","max-snippet":"max-snippet:-1","max-image-preview":"max-image-preview:large","max-video-preview":"max-video-preview:-1"},"canonical":"https:\/\/purtsemetall.ee\/fi\/","og_locale":"fi_FI","og_type":"article","og_title":"Etusivu - Purtse Metall","og_description":"Esittely Tervetuloa metallink\u00e4sittelyn maailmaan! Muotoilemme toiveesi metallista Huippulaatu on prioriteettimme Tekemi\u00e4mme t\u00f6it\u00e4 YRITYS Laatupainotteinen metallity\u00f6paja Teemme alihankintana erilaisia metallirakenteiden valmistust\u00f6it\u00e4 ja hitsaust\u00f6it\u00e4. Tarjoamme erilaisia ratkaisuja ja palveluita sek\u00e4 virolaisille ett\u00e4 suomalaisille yrityksille. T\u00f6idemme laatu ja asiakaspalaute on meille t\u00e4rke\u00e4\u00e4. Olemme aina avoimia uusille projekteille ja yhteisty\u00f6kumppaneille. Olemme joustava, asiakasl\u00e4ht\u00f6inen ja laatupainotteinen metallipaja. Heiki Kuusmik Perustaja","og_url":"https:\/\/purtsemetall.ee\/fi\/","og_site_name":"Purtse Metall","article_publisher":"https:\/\/www.facebook.com\/profile.php?id=100057048776593","article_modified_time":"2023-03-09T12:05:15+00:00","twitter_card":"summary_large_image","schema":{"@context":"https:\/\/schema.org","@graph":[{"@type":"WebPage","@id":"https:\/\/purtsemetall.ee\/fi\/","url":"https:\/\/purtsemetall.ee\/fi\/","name":"Etusivu - Purtse Metall","isPartOf":{"@id":"https:\/\/purtsemetall.ee\/fi\/#website"},"datePublished":"2019-04-01T04:06:30+00:00","dateModified":"2023-03-09T12:05:15+00:00","breadcrumb":{"@id":"https:\/\/purtsemetall.ee\/fi\/#breadcrumb"},"inLanguage":"fi","potentialAction":[{"@type":"ReadAction","target":["https:\/\/purtsemetall.ee\/fi\/"]}]},{"@type":"BreadcrumbList","@id":"https:\/\/purtsemetall.ee\/fi\/#breadcrumb","itemListElement":[{"@type":"ListItem","position":1,"name":"Home","item":"https:\/\/purtsemetall.ee\/fi\/"},{"@type":"ListItem","position":2,"name":"Etusivu"}]},{"@type":"WebSite","@id":"https:\/\/purtsemetall.ee\/fi\/#website","url":"https:\/\/purtsemetall.ee\/fi\/","name":"Purtse Metall","description":"Anname metallile soovitud kuju","publisher":{"@id":"https:\/\/purtsemetall.ee\/fi\/#organization"},"potentialAction":[{"@type":"SearchAction","target":{"@type":"EntryPoint","urlTemplate":"https:\/\/purtsemetall.ee\/fi\/?s={search_term_string}"},"query-input":{"@type":"PropertyValueSpecification","valueRequired":true,"valueName":"search_term_string"}}],"inLanguage":"fi"},{"@type":"Organization","@id":"https:\/\/purtsemetall.ee\/fi\/#organization","name":"Purtse Metall","url":"https:\/\/purtsemetall.ee\/fi\/","logo":{"@type":"ImageObject","inLanguage":"fi","@id":"https:\/\/purtsemetall.ee\/fi\/#\/schema\/logo\/image\/","url":"http:\/\/purtsemetall.ee\/wp-content\/uploads\/2022\/02\/purtse_logo2.jpg","contentUrl":"http:\/\/purtsemetall.ee\/wp-content\/uploads\/2022\/02\/purtse_logo2.jpg","width":351,"height":221,"caption":"Purtse Metall"},"image":{"@id":"https:\/\/purtsemetall.ee\/fi\/#\/schema\/logo\/image\/"},"sameAs":["https:\/\/www.facebook.com\/profile.php?id=100057048776593"]}]}},"_links":{"self":[{"href":"https:\/\/purtsemetall.ee\/fi\/wp-json\/wp\/v2\/pages\/14037","targetHints":{"allow":["GET"]}}],"collection":[{"href":"https:\/\/purtsemetall.ee\/fi\/wp-json\/wp\/v2\/pages"}],"about":[{"href":"https:\/\/purtsemetall.ee\/fi\/wp-json\/wp\/v2\/types\/page"}],"author":[{"embeddable":true,"href":"https:\/\/purtsemetall.ee\/fi\/wp-json\/wp\/v2\/users\/1"}],"replies":[{"embeddable":true,"href":"https:\/\/purtsemetall.ee\/fi\/wp-json\/wp\/v2\/comments?post=14037"}],"version-history":[{"count":12,"href":"https:\/\/purtsemetall.ee\/fi\/wp-json\/wp\/v2\/pages\/14037\/revisions"}],"predecessor-version":[{"id":14242,"href":"https:\/\/purtsemetall.ee\/fi\/wp-json\/wp\/v2\/pages\/14037\/revisions\/14242"}],"wp:attachment":[{"href":"https:\/\/purtsemetall.ee\/fi\/wp-json\/wp\/v2\/media?parent=14037"}],"curies":[{"name":"wp","href":"https:\/\/api.w.org\/{rel}","templated":true}]}}