{"id":14040,"date":"2020-05-07T06:40:48","date_gmt":"2020-05-07T06:40:48","guid":{"rendered":"https:\/\/purtsemetall.ee\/palvelumme\/"},"modified":"2023-03-09T13:09:44","modified_gmt":"2023-03-09T13:09:44","slug":"palvelumme","status":"publish","type":"page","link":"https:\/\/purtsemetall.ee\/fi\/palvelumme\/","title":{"rendered":"Palvelumme"},"content":{"rendered":"\t\t<div data-elementor-type=\"wp-page\" data-elementor-id=\"14040\" class=\"elementor elementor-14040\">\n\t\t\t\t\t\t<section class=\"elementor-section elementor-top-section elementor-element elementor-element-1faf4eb elementor-section-boxed elementor-section-height-default elementor-section-height-default\" data-id=\"1faf4eb\" data-element_type=\"section\" data-e-type=\"section\">\n\t\t\t\t\t\t<div class=\"elementor-container elementor-column-gap-default\">\n\t\t\t\t\t<div class=\"elementor-column elementor-col-25 elementor-top-column elementor-element elementor-element-54571d7 top column-style-top\" data-id=\"54571d7\" data-element_type=\"column\" data-e-type=\"column\">\n\t\t\t<div class=\"elementor-widget-wrap elementor-element-populated\">\n\t\t\t\t\t\t<div class=\"elementor-element elementor-element-e488115 elementor-widget elementor-widget-gva-icon-box-styles\" data-id=\"e488115\" data-element_type=\"widget\" data-e-type=\"widget\" data-widget_type=\"gva-icon-box-styles.default\">\n\t\t\t\t<div class=\"elementor-widget-container\">\n\t\t\t\t\t<div class=\"gva-element-gva-icon-box-styles gva-element\">\r\n   \r\n\r\n         <div class=\"widget gsc-icon-box-styles style-2\">\r\n                     <div class=\"icon-inner\">\r\n                                                      <span class=\"box-icon\">\r\n                        <i aria-hidden=\"true\" class=\"fas fa-landmark\"><\/i>                     <\/span>\r\n                                             <\/div>\r\n         \r\n                     <h3 class=\"title\">\r\n                                 Metallirakenteet                     \r\n            <\/h3>\r\n                  <div class=\"content-inner\">\r\n                           <div class=\"desc\">Erilaisten metallirakenteiden ja niiden osien valmistus<\/div>\r\n                     <\/div>\r\n      <\/div> \r\n      \r\n\r\n\r\n<\/div>\t\t\t\t<\/div>\n\t\t\t\t<\/div>\n\t\t\t\t<div class=\"elementor-element elementor-element-62a3f2c elementor-widget elementor-widget-gva-icon-box-styles\" data-id=\"62a3f2c\" data-element_type=\"widget\" data-e-type=\"widget\" data-widget_type=\"gva-icon-box-styles.default\">\n\t\t\t\t<div class=\"elementor-widget-container\">\n\t\t\t\t\t<div class=\"gva-element-gva-icon-box-styles gva-element\">\r\n   \r\n\r\n         <div class=\"widget gsc-icon-box-styles style-2\">\r\n                     <div class=\"icon-inner\">\r\n                                                      <span class=\"box-icon\">\r\n                        <i aria-hidden=\"true\" class=\"fas fa-fire\"><\/i>                     <\/span>\r\n                                             <\/div>\r\n         \r\n                     <h3 class=\"title\">\r\n                                 Hitsausty\u00f6t                     \r\n            <\/h3>\r\n                  <div class=\"content-inner\">\r\n                           <div class=\"desc\">Laadukkaat suuret ja pienet hitsausty\u00f6t<\/div>\r\n                     <\/div>\r\n      <\/div> \r\n      \r\n\r\n\r\n<\/div>\t\t\t\t<\/div>\n\t\t\t\t<\/div>\n\t\t\t\t<div class=\"elementor-element elementor-element-e8156fd elementor-widget elementor-widget-gva-icon-box-styles\" data-id=\"e8156fd\" data-element_type=\"widget\" data-e-type=\"widget\" data-widget_type=\"gva-icon-box-styles.default\">\n\t\t\t\t<div class=\"elementor-widget-container\">\n\t\t\t\t\t<div class=\"gva-element-gva-icon-box-styles gva-element\">\r\n   \r\n\r\n         <div class=\"widget gsc-icon-box-styles style-2\">\r\n                     <div class=\"icon-inner\">\r\n                                                      <span class=\"box-icon\">\r\n                        <i aria-hidden=\"true\" class=\"fi flaticon-mechanical-arm\"><\/i>                     <\/span>\r\n                                             <\/div>\r\n         \r\n                     <h3 class=\"title\">\r\n                                 Poraus ja Jyrsint\u00e4                     \r\n            <\/h3>\r\n                  <div class=\"content-inner\">\r\n                           <div class=\"desc\">Asiakkaan mittoja vastaavien aukkojen ja osien valmistus<\/div>\r\n                     <\/div>\r\n      <\/div> \r\n      \r\n\r\n\r\n<\/div>\t\t\t\t<\/div>\n\t\t\t\t<\/div>\n\t\t\t\t\t<\/div>\n\t\t<\/div>\n\t\t\t\t<div class=\"elementor-column elementor-col-25 elementor-top-column elementor-element elementor-element-34d5890 top column-style-top\" data-id=\"34d5890\" data-element_type=\"column\" data-e-type=\"column\">\n\t\t\t<div class=\"elementor-widget-wrap elementor-element-populated\">\n\t\t\t\t\t\t<div class=\"elementor-element elementor-element-ddc9661 elementor-widget elementor-widget-gva-icon-box-styles\" data-id=\"ddc9661\" data-element_type=\"widget\" data-e-type=\"widget\" data-widget_type=\"gva-icon-box-styles.default\">\n\t\t\t\t<div class=\"elementor-widget-container\">\n\t\t\t\t\t<div class=\"gva-element-gva-icon-box-styles gva-element\">\r\n   \r\n\r\n         <div class=\"widget gsc-icon-box-styles style-2\">\r\n                     <div class=\"icon-inner\">\r\n                                                      <span class=\"box-icon\">\r\n                        <i aria-hidden=\"true\" class=\"fas fa-sitemap\"><\/i>                     <\/span>\r\n                                             <\/div>\r\n         \r\n                     <h3 class=\"title\">\r\n                                 Alihankinta                     \r\n            <\/h3>\r\n                  <div class=\"content-inner\">\r\n                           <div class=\"desc\">Toteutamme alihankintaa asiakkaan tilausten mukaan<\/div>\r\n                     <\/div>\r\n      <\/div> \r\n      \r\n\r\n\r\n<\/div>\t\t\t\t<\/div>\n\t\t\t\t<\/div>\n\t\t\t\t<div class=\"elementor-element elementor-element-e8ad270 elementor-widget elementor-widget-gva-icon-box-styles\" data-id=\"e8ad270\" data-element_type=\"widget\" data-e-type=\"widget\" data-widget_type=\"gva-icon-box-styles.default\">\n\t\t\t\t<div class=\"elementor-widget-container\">\n\t\t\t\t\t<div class=\"gva-element-gva-icon-box-styles gva-element\">\r\n   \r\n\r\n         <div class=\"widget gsc-icon-box-styles style-2\">\r\n                     <div class=\"icon-inner\">\r\n                                                      <span class=\"box-icon\">\r\n                        <i aria-hidden=\"true\" class=\"fi flaticon-manufacture\"><\/i>                     <\/span>\r\n                                             <\/div>\r\n         \r\n                     <h3 class=\"title\">\r\n                                 Leikkaus                     \r\n            <\/h3>\r\n                  <div class=\"content-inner\">\r\n                           <div class=\"desc\">Vannesahaleikkauspalvelu Plasmaleikkauspalvelu<\/div>\r\n                     <\/div>\r\n      <\/div> \r\n      \r\n\r\n\r\n<\/div>\t\t\t\t<\/div>\n\t\t\t\t<\/div>\n\t\t\t\t<div class=\"elementor-element elementor-element-be36e46 elementor-widget elementor-widget-gva-icon-box-styles\" data-id=\"be36e46\" data-element_type=\"widget\" data-e-type=\"widget\" data-widget_type=\"gva-icon-box-styles.default\">\n\t\t\t\t<div class=\"elementor-widget-container\">\n\t\t\t\t\t<div class=\"gva-element-gva-icon-box-styles gva-element\">\r\n   \r\n\r\n         <div class=\"widget gsc-icon-box-styles style-2\">\r\n                     <div class=\"icon-inner\">\r\n                                                      <span class=\"box-icon\">\r\n                        <i aria-hidden=\"true\" class=\"fi flaticon-design\"><\/i>                     <\/span>\r\n                                             <\/div>\r\n         \r\n                     <h3 class=\"title\">\r\n                                 Hiekkapuhallusty\u00f6t                     \r\n            <\/h3>\r\n                  <div class=\"content-inner\">\r\n                           <div class=\"desc\">Puhdistamme erilaisia pintoja vanhasta p\u00e4\u00e4llystemateriaalista<\/div>\r\n                     <\/div>\r\n      <\/div> \r\n      \r\n\r\n\r\n<\/div>\t\t\t\t<\/div>\n\t\t\t\t<\/div>\n\t\t\t\t\t<\/div>\n\t\t<\/div>\n\t\t\t\t<div class=\"elementor-column elementor-col-25 elementor-top-column elementor-element elementor-element-9597d6f top column-style-top\" data-id=\"9597d6f\" data-element_type=\"column\" data-e-type=\"column\">\n\t\t\t<div class=\"elementor-widget-wrap elementor-element-populated\">\n\t\t\t\t\t\t<div class=\"elementor-element elementor-element-cf434f0 elementor-widget elementor-widget-gva-icon-box-styles\" data-id=\"cf434f0\" data-element_type=\"widget\" data-e-type=\"widget\" data-widget_type=\"gva-icon-box-styles.default\">\n\t\t\t\t<div class=\"elementor-widget-container\">\n\t\t\t\t\t<div class=\"gva-element-gva-icon-box-styles gva-element\">\r\n   \r\n\r\n         <div class=\"widget gsc-icon-box-styles style-2\">\r\n                     <div class=\"icon-inner\">\r\n                                                      <span class=\"box-icon\">\r\n                        <i aria-hidden=\"true\" class=\"fas fa-won-sign\"><\/i>                     <\/span>\r\n                                             <\/div>\r\n         \r\n                     <h3 class=\"title\">\r\n                                 Taokset                     \r\n            <\/h3>\r\n                  <div class=\"content-inner\">\r\n                           <div class=\"desc\">Vuosisatoja kest\u00e4vien taosten valmistaminen<\/div>\r\n                     <\/div>\r\n      <\/div> \r\n      \r\n\r\n\r\n<\/div>\t\t\t\t<\/div>\n\t\t\t\t<\/div>\n\t\t\t\t<div class=\"elementor-element elementor-element-00d54df elementor-widget elementor-widget-gva-icon-box-styles\" data-id=\"00d54df\" data-element_type=\"widget\" data-e-type=\"widget\" data-widget_type=\"gva-icon-box-styles.default\">\n\t\t\t\t<div class=\"elementor-widget-container\">\n\t\t\t\t\t<div class=\"gva-element-gva-icon-box-styles gva-element\">\r\n   \r\n\r\n         <div class=\"widget gsc-icon-box-styles style-2\">\r\n                     <div class=\"icon-inner\">\r\n                                                      <span class=\"box-icon\">\r\n                        <i aria-hidden=\"true\" class=\"fi flaticon-creative-design\"><\/i>                     <\/span>\r\n                                             <\/div>\r\n         \r\n                     <h3 class=\"title\">\r\n                                 Taivutus                     \r\n            <\/h3>\r\n                  <div class=\"content-inner\">\r\n                           <div class=\"desc\">Putkien ja profiilien taivutus<\/div>\r\n                     <\/div>\r\n      <\/div> \r\n      \r\n\r\n\r\n<\/div>\t\t\t\t<\/div>\n\t\t\t\t<\/div>\n\t\t\t\t<div class=\"elementor-element elementor-element-8e24409 elementor-widget elementor-widget-gva-icon-box-styles\" data-id=\"8e24409\" data-element_type=\"widget\" data-e-type=\"widget\" data-widget_type=\"gva-icon-box-styles.default\">\n\t\t\t\t<div class=\"elementor-widget-container\">\n\t\t\t\t\t<div class=\"gva-element-gva-icon-box-styles gva-element\">\r\n   \r\n\r\n         <div class=\"widget gsc-icon-box-styles style-2\">\r\n                     <div class=\"icon-inner\">\r\n                                                      <span class=\"box-icon\">\r\n                        <i aria-hidden=\"true\" class=\"fas fa-spray-can\"><\/i>                     <\/span>\r\n                                             <\/div>\r\n         \r\n                     <h3 class=\"title\">\r\n                                 Nestemaalaus                     \r\n            <\/h3>\r\n                  <div class=\"content-inner\">\r\n                           <div class=\"desc\">Erilaisten metalliosien nestemaalaus<\/div>\r\n                     <\/div>\r\n      <\/div> \r\n      \r\n\r\n\r\n<\/div>\t\t\t\t<\/div>\n\t\t\t\t<\/div>\n\t\t\t\t\t<\/div>\n\t\t<\/div>\n\t\t\t\t<div class=\"elementor-column elementor-col-25 elementor-top-column elementor-element elementor-element-730ee05 top column-style-top\" data-id=\"730ee05\" data-element_type=\"column\" data-e-type=\"column\" data-settings=\"{&quot;background_background&quot;:&quot;classic&quot;}\">\n\t\t\t<div class=\"elementor-widget-wrap elementor-element-populated\">\n\t\t\t\t\t<div class=\"elementor-background-overlay\"><\/div>\n\t\t\t\t\t\t<div class=\"elementor-element elementor-element-71b27b9 elementor-widget elementor-widget-heading\" data-id=\"71b27b9\" data-element_type=\"widget\" data-e-type=\"widget\" data-widget_type=\"heading.default\">\n\t\t\t\t<div class=\"elementor-widget-container\">\n\t\t\t\t\t<h2 class=\"elementor-heading-title elementor-size-default\">Etk\u00f6 l\u00f6yt\u00e4nyt sopivaa palvelua?<br><br>L\u00f6yd\u00e4mme sinulle sopivan ratkaisun mittatilausty\u00f6n\u00e4.<\/h2>\t\t\t\t<\/div>\n\t\t\t\t<\/div>\n\t\t\t\t<div class=\"elementor-element elementor-element-b3d6a96 elementor-align-center elementor-widget elementor-widget-button\" data-id=\"b3d6a96\" data-element_type=\"widget\" data-e-type=\"widget\" data-widget_type=\"button.default\">\n\t\t\t\t<div class=\"elementor-widget-container\">\n\t\t\t\t\t\t\t\t\t<div class=\"elementor-button-wrapper\">\n\t\t\t\t\t<a class=\"elementor-button elementor-button-link elementor-size-sm\" href=\"https:\/\/purtsemetall.ee\/fi\/yhteystiedot\/\">\n\t\t\t\t\t\t<span class=\"elementor-button-content-wrapper\">\n\t\t\t\t\t\t\t\t\t<span class=\"elementor-button-text\">PYYD\u00c4 TARJOUS<\/span>\n\t\t\t\t\t<\/span>\n\t\t\t\t\t<\/a>\n\t\t\t\t<\/div>\n\t\t\t\t\t\t\t\t<\/div>\n\t\t\t\t<\/div>\n\t\t\t\t\t<\/div>\n\t\t<\/div>\n\t\t\t\t\t<\/div>\n\t\t<\/section>\n\t\t\t\t<\/div>\n\t\t","protected":false},"excerpt":{"rendered":"<p>Metallirakenteet Erilaisten metallirakenteiden ja niiden osien valmistus Hitsausty\u00f6t Laadukkaat suuret ja pienet hitsausty\u00f6t Poraus ja Jyrsint\u00e4 Asiakkaan mittoja vastaavien aukkojen ja osien valmistus Alihankinta Toteutamme alihankintaa asiakkaan tilausten mukaan Leikkaus Vannesahaleikkauspalvelu Plasmaleikkauspalvelu Hiekkapuhallusty\u00f6t Puhdistamme erilaisia pintoja vanhasta p\u00e4\u00e4llystemateriaalista Taokset Vuosisatoja kest\u00e4vien taosten valmistaminen Taivutus Putkien ja profiilien taivutus Nestemaalaus Erilaisten metalliosien nestemaalaus Etk\u00f6 l\u00f6yt\u00e4nyt sopivaa [&hellip;]<\/p>\n","protected":false},"author":1,"featured_media":0,"parent":0,"menu_order":0,"comment_status":"closed","ping_status":"closed","template":"","meta":{"footnotes":""},"class_list":["post-14040","page","type-page","status-publish","hentry"],"yoast_head":"<!-- This site is optimized with the Yoast SEO plugin v27.3 - https:\/\/yoast.com\/product\/yoast-seo-wordpress\/ -->\n<title>Palvelumme - Purtse Metall<\/title>\n<meta name=\"robots\" content=\"index, follow, max-snippet:-1, max-image-preview:large, max-video-preview:-1\" \/>\n<link rel=\"canonical\" href=\"https:\/\/purtsemetall.ee\/fi\/palvelumme\/\" \/>\n<meta property=\"og:locale\" content=\"fi_FI\" \/>\n<meta property=\"og:type\" content=\"article\" \/>\n<meta property=\"og:title\" content=\"Palvelumme - Purtse Metall\" \/>\n<meta property=\"og:description\" content=\"Metallirakenteet Erilaisten metallirakenteiden ja niiden osien valmistus Hitsausty\u00f6t Laadukkaat suuret ja pienet hitsausty\u00f6t Poraus ja Jyrsint\u00e4 Asiakkaan mittoja vastaavien aukkojen ja osien valmistus Alihankinta Toteutamme alihankintaa asiakkaan tilausten mukaan Leikkaus Vannesahaleikkauspalvelu Plasmaleikkauspalvelu Hiekkapuhallusty\u00f6t Puhdistamme erilaisia pintoja vanhasta p\u00e4\u00e4llystemateriaalista Taokset Vuosisatoja kest\u00e4vien taosten valmistaminen Taivutus Putkien ja profiilien taivutus Nestemaalaus Erilaisten metalliosien nestemaalaus Etk\u00f6 l\u00f6yt\u00e4nyt sopivaa [&hellip;]\" \/>\n<meta property=\"og:url\" content=\"https:\/\/purtsemetall.ee\/fi\/palvelumme\/\" \/>\n<meta property=\"og:site_name\" content=\"Purtse Metall\" \/>\n<meta property=\"article:publisher\" content=\"https:\/\/www.facebook.com\/profile.php?id=100057048776593\" \/>\n<meta property=\"article:modified_time\" content=\"2023-03-09T13:09:44+00:00\" \/>\n<meta name=\"twitter:card\" content=\"summary_large_image\" \/>\n<script type=\"application\/ld+json\" class=\"yoast-schema-graph\">{\"@context\":\"https:\\\/\\\/schema.org\",\"@graph\":[{\"@type\":\"WebPage\",\"@id\":\"https:\\\/\\\/purtsemetall.ee\\\/fi\\\/palvelumme\\\/\",\"url\":\"https:\\\/\\\/purtsemetall.ee\\\/fi\\\/palvelumme\\\/\",\"name\":\"Palvelumme - Purtse Metall\",\"isPartOf\":{\"@id\":\"https:\\\/\\\/purtsemetall.ee\\\/fi\\\/#website\"},\"datePublished\":\"2020-05-07T06:40:48+00:00\",\"dateModified\":\"2023-03-09T13:09:44+00:00\",\"breadcrumb\":{\"@id\":\"https:\\\/\\\/purtsemetall.ee\\\/fi\\\/palvelumme\\\/#breadcrumb\"},\"inLanguage\":\"fi\",\"potentialAction\":[{\"@type\":\"ReadAction\",\"target\":[\"https:\\\/\\\/purtsemetall.ee\\\/fi\\\/palvelumme\\\/\"]}]},{\"@type\":\"BreadcrumbList\",\"@id\":\"https:\\\/\\\/purtsemetall.ee\\\/fi\\\/palvelumme\\\/#breadcrumb\",\"itemListElement\":[{\"@type\":\"ListItem\",\"position\":1,\"name\":\"Home\",\"item\":\"https:\\\/\\\/purtsemetall.ee\\\/fi\\\/\"},{\"@type\":\"ListItem\",\"position\":2,\"name\":\"Palvelumme\"}]},{\"@type\":\"WebSite\",\"@id\":\"https:\\\/\\\/purtsemetall.ee\\\/fi\\\/#website\",\"url\":\"https:\\\/\\\/purtsemetall.ee\\\/fi\\\/\",\"name\":\"Purtse Metall\",\"description\":\"Anname metallile soovitud kuju\",\"publisher\":{\"@id\":\"https:\\\/\\\/purtsemetall.ee\\\/fi\\\/#organization\"},\"potentialAction\":[{\"@type\":\"SearchAction\",\"target\":{\"@type\":\"EntryPoint\",\"urlTemplate\":\"https:\\\/\\\/purtsemetall.ee\\\/fi\\\/?s={search_term_string}\"},\"query-input\":{\"@type\":\"PropertyValueSpecification\",\"valueRequired\":true,\"valueName\":\"search_term_string\"}}],\"inLanguage\":\"fi\"},{\"@type\":\"Organization\",\"@id\":\"https:\\\/\\\/purtsemetall.ee\\\/fi\\\/#organization\",\"name\":\"Purtse Metall\",\"url\":\"https:\\\/\\\/purtsemetall.ee\\\/fi\\\/\",\"logo\":{\"@type\":\"ImageObject\",\"inLanguage\":\"fi\",\"@id\":\"https:\\\/\\\/purtsemetall.ee\\\/fi\\\/#\\\/schema\\\/logo\\\/image\\\/\",\"url\":\"http:\\\/\\\/purtsemetall.ee\\\/wp-content\\\/uploads\\\/2022\\\/02\\\/purtse_logo2.jpg\",\"contentUrl\":\"http:\\\/\\\/purtsemetall.ee\\\/wp-content\\\/uploads\\\/2022\\\/02\\\/purtse_logo2.jpg\",\"width\":351,\"height\":221,\"caption\":\"Purtse Metall\"},\"image\":{\"@id\":\"https:\\\/\\\/purtsemetall.ee\\\/fi\\\/#\\\/schema\\\/logo\\\/image\\\/\"},\"sameAs\":[\"https:\\\/\\\/www.facebook.com\\\/profile.php?id=100057048776593\"]}]}<\/script>\n<!-- \/ Yoast SEO plugin. -->","yoast_head_json":{"title":"Palvelumme - Purtse Metall","robots":{"index":"index","follow":"follow","max-snippet":"max-snippet:-1","max-image-preview":"max-image-preview:large","max-video-preview":"max-video-preview:-1"},"canonical":"https:\/\/purtsemetall.ee\/fi\/palvelumme\/","og_locale":"fi_FI","og_type":"article","og_title":"Palvelumme - Purtse Metall","og_description":"Metallirakenteet Erilaisten metallirakenteiden ja niiden osien valmistus Hitsausty\u00f6t Laadukkaat suuret ja pienet hitsausty\u00f6t Poraus ja Jyrsint\u00e4 Asiakkaan mittoja vastaavien aukkojen ja osien valmistus Alihankinta Toteutamme alihankintaa asiakkaan tilausten mukaan Leikkaus Vannesahaleikkauspalvelu Plasmaleikkauspalvelu Hiekkapuhallusty\u00f6t Puhdistamme erilaisia pintoja vanhasta p\u00e4\u00e4llystemateriaalista Taokset Vuosisatoja kest\u00e4vien taosten valmistaminen Taivutus Putkien ja profiilien taivutus Nestemaalaus Erilaisten metalliosien nestemaalaus Etk\u00f6 l\u00f6yt\u00e4nyt sopivaa [&hellip;]","og_url":"https:\/\/purtsemetall.ee\/fi\/palvelumme\/","og_site_name":"Purtse Metall","article_publisher":"https:\/\/www.facebook.com\/profile.php?id=100057048776593","article_modified_time":"2023-03-09T13:09:44+00:00","twitter_card":"summary_large_image","schema":{"@context":"https:\/\/schema.org","@graph":[{"@type":"WebPage","@id":"https:\/\/purtsemetall.ee\/fi\/palvelumme\/","url":"https:\/\/purtsemetall.ee\/fi\/palvelumme\/","name":"Palvelumme - Purtse Metall","isPartOf":{"@id":"https:\/\/purtsemetall.ee\/fi\/#website"},"datePublished":"2020-05-07T06:40:48+00:00","dateModified":"2023-03-09T13:09:44+00:00","breadcrumb":{"@id":"https:\/\/purtsemetall.ee\/fi\/palvelumme\/#breadcrumb"},"inLanguage":"fi","potentialAction":[{"@type":"ReadAction","target":["https:\/\/purtsemetall.ee\/fi\/palvelumme\/"]}]},{"@type":"BreadcrumbList","@id":"https:\/\/purtsemetall.ee\/fi\/palvelumme\/#breadcrumb","itemListElement":[{"@type":"ListItem","position":1,"name":"Home","item":"https:\/\/purtsemetall.ee\/fi\/"},{"@type":"ListItem","position":2,"name":"Palvelumme"}]},{"@type":"WebSite","@id":"https:\/\/purtsemetall.ee\/fi\/#website","url":"https:\/\/purtsemetall.ee\/fi\/","name":"Purtse Metall","description":"Anname metallile soovitud kuju","publisher":{"@id":"https:\/\/purtsemetall.ee\/fi\/#organization"},"potentialAction":[{"@type":"SearchAction","target":{"@type":"EntryPoint","urlTemplate":"https:\/\/purtsemetall.ee\/fi\/?s={search_term_string}"},"query-input":{"@type":"PropertyValueSpecification","valueRequired":true,"valueName":"search_term_string"}}],"inLanguage":"fi"},{"@type":"Organization","@id":"https:\/\/purtsemetall.ee\/fi\/#organization","name":"Purtse Metall","url":"https:\/\/purtsemetall.ee\/fi\/","logo":{"@type":"ImageObject","inLanguage":"fi","@id":"https:\/\/purtsemetall.ee\/fi\/#\/schema\/logo\/image\/","url":"http:\/\/purtsemetall.ee\/wp-content\/uploads\/2022\/02\/purtse_logo2.jpg","contentUrl":"http:\/\/purtsemetall.ee\/wp-content\/uploads\/2022\/02\/purtse_logo2.jpg","width":351,"height":221,"caption":"Purtse Metall"},"image":{"@id":"https:\/\/purtsemetall.ee\/fi\/#\/schema\/logo\/image\/"},"sameAs":["https:\/\/www.facebook.com\/profile.php?id=100057048776593"]}]}},"_links":{"self":[{"href":"https:\/\/purtsemetall.ee\/fi\/wp-json\/wp\/v2\/pages\/14040","targetHints":{"allow":["GET"]}}],"collection":[{"href":"https:\/\/purtsemetall.ee\/fi\/wp-json\/wp\/v2\/pages"}],"about":[{"href":"https:\/\/purtsemetall.ee\/fi\/wp-json\/wp\/v2\/types\/page"}],"author":[{"embeddable":true,"href":"https:\/\/purtsemetall.ee\/fi\/wp-json\/wp\/v2\/users\/1"}],"replies":[{"embeddable":true,"href":"https:\/\/purtsemetall.ee\/fi\/wp-json\/wp\/v2\/comments?post=14040"}],"version-history":[{"count":9,"href":"https:\/\/purtsemetall.ee\/fi\/wp-json\/wp\/v2\/pages\/14040\/revisions"}],"predecessor-version":[{"id":14290,"href":"https:\/\/purtsemetall.ee\/fi\/wp-json\/wp\/v2\/pages\/14040\/revisions\/14290"}],"wp:attachment":[{"href":"https:\/\/purtsemetall.ee\/fi\/wp-json\/wp\/v2\/media?parent=14040"}],"curies":[{"name":"wp","href":"https:\/\/api.w.org\/{rel}","templated":true}]}}