{"id":14043,"date":"2015-12-10T13:26:53","date_gmt":"2015-12-10T13:26:53","guid":{"rendered":"https:\/\/purtsemetall.ee\/tuotteemme\/"},"modified":"2023-03-28T06:56:22","modified_gmt":"2023-03-28T06:56:22","slug":"tuotteemme","status":"publish","type":"page","link":"https:\/\/purtsemetall.ee\/fi\/tuotteemme\/","title":{"rendered":"Tuotteemme"},"content":{"rendered":"\t\t<div data-elementor-type=\"wp-post\" data-elementor-id=\"14043\" class=\"elementor elementor-14043\">\n\t\t\t\t\t\t<section class=\"elementor-section elementor-top-section elementor-element elementor-element-8d7c5bb elementor-section-boxed elementor-section-height-default elementor-section-height-default\" data-id=\"8d7c5bb\" data-element_type=\"section\" data-e-type=\"section\">\n\t\t\t\t\t\t<div class=\"elementor-container elementor-column-gap-default\">\n\t\t\t\t\t<div class=\"elementor-column elementor-col-100 elementor-top-column elementor-element elementor-element-7a0f2bb top column-style-top\" data-id=\"7a0f2bb\" data-element_type=\"column\" data-e-type=\"column\">\n\t\t\t<div class=\"elementor-widget-wrap elementor-element-populated\">\n\t\t\t\t\t\t<div class=\"elementor-element elementor-element-ddf1356 elementor-widget elementor-widget-gva-heading-block\" data-id=\"ddf1356\" data-element_type=\"widget\" data-e-type=\"widget\" data-widget_type=\"gva-heading-block.default\">\n\t\t\t\t<div class=\"elementor-widget-container\">\n\t\t\t\t\t<div class=\"gva-element-gva-heading-block gva-element\">   <div class=\"align-center style-1 widget gsc-heading box-align-left\">\r\n      <div class=\"content-inner\">\r\n         \r\n                  \r\n           \r\n         \r\n                     <h2 class=\"title\">\r\n               <span>Tutustu suunnittelemiimme projekteihin<\/span>\r\n            <\/h2>\r\n                  \r\n         \r\n      <\/div>\r\n   <\/div>\r\n   <div class=\"clearfix\"><\/div>\r\n<\/div>\t\t\t\t<\/div>\n\t\t\t\t<\/div>\n\t\t\t\t<div class=\"elementor-element elementor-element-fbd928d elementor-widget elementor-widget-gva-portfolio\" data-id=\"fbd928d\" data-element_type=\"widget\" data-e-type=\"widget\" data-widget_type=\"gva-portfolio.default\">\n\t\t\t\t<div class=\"elementor-widget-container\">\n\t\t\t\t\t<div class=\"gva-element-gva-portfolio gva-element\">\r\n  <div class=\"gva-portfolio-grid clearfix grid-x4yr text-center\" data-filter=\"x4yr\">\r\n                 <nav class=\"portfolio-filter\">\r\n          <ul class=\"nav nav-tabs\">\r\n             <li><a class=\"btn-filter all active\" href=\"javascript:void(0)\" data-filter=\"*\"><span>Kaikki<\/span><span class=\"count\"><\/span><\/a><\/li>\r\n                            <li><a href=\"javascript:void(0)\" class=\"btn-filter\" data-filter=\".grill-fi\"><span>Grillit<\/span><span class=\"count\"><\/span><\/a><\/li>\r\n                            <li><a href=\"javascript:void(0)\" class=\"btn-filter\" data-filter=\".koju-fi\"><span>Koti<\/span><span class=\"count\"><\/span><\/a><\/li>\r\n                            <li><a href=\"javascript:void(0)\" class=\"btn-filter\" data-filter=\".aeda-fi\"><span>Puutarha<\/span><span class=\"count\"><\/span><\/a><\/li>\r\n                            <li><a href=\"javascript:void(0)\" class=\"btn-filter\" data-filter=\".erilahendused-fi\"><span>Erikoisratkaisut<\/span><span class=\"count\"><\/span><\/a><\/li>\r\n                       <\/ul> \r\n       <\/nav> \r\n        <div class=\"gva-content-items\"> \r\n      <div class=\"isotope-items view-portfolio lg-block-grid-3 md-block-grid-3 sm-block-grid-2 xs-block-grid-2 xx-block-grid-1\">\r\n        <div class=\"all erilahendused-fi aeda-fi  item-columns isotope-item\">\n   <div class=\"portfolio-block portfolio-v2\">      \n      <div class=\"images\">\n         <a class=\"link-image-content\" href=\"https:\/\/purtsemetall.ee\/fi\/portfolio\/puutarhatarvikkeet\/\">\n            <img fetchpriority=\"high\" decoding=\"async\" width=\"600\" height=\"600\" src=\"https:\/\/purtsemetall.ee\/wp-content\/uploads\/2017\/03\/a1-600x600.jpeg\" class=\"attachment-medium size-medium wp-post-image\" alt=\"\" srcset=\"https:\/\/purtsemetall.ee\/wp-content\/uploads\/2017\/03\/a1-600x600.jpeg 600w, https:\/\/purtsemetall.ee\/wp-content\/uploads\/2017\/03\/a1-180x180.jpeg 180w\" sizes=\"(max-width: 600px) 100vw, 600px\" \/>         <\/a>\n         <a class=\"link\" href=\"https:\/\/purtsemetall.ee\/fi\/portfolio\/puutarhatarvikkeet\/\"><i class=\"fas fa-link\"><\/i><\/a>\n      <\/div>\n      <div class=\"portfolio-content\">\n         <div class=\"content-inner\">\n            <h3 class=\"title\"><a href=\"https:\/\/purtsemetall.ee\/fi\/portfolio\/puutarhatarvikkeet\/\">Puutarhatarvikkeet<\/a><\/h3> \n         <\/div>\n      <\/div>   \n   <\/div>\n<\/div>\n\n  <div class=\"all grill-fi koju-fi aeda-fi  item-columns isotope-item\">\n   <div class=\"portfolio-block portfolio-v2\">      \n      <div class=\"images\">\n         <a class=\"link-image-content\" href=\"https:\/\/purtsemetall.ee\/fi\/portfolio\/savustusuunit\/\">\n            <img decoding=\"async\" width=\"600\" height=\"600\" src=\"https:\/\/purtsemetall.ee\/wp-content\/uploads\/2017\/03\/PHOTO-2023-03-28-08-23-51-600x600.jpg\" class=\"attachment-medium size-medium wp-post-image\" alt=\"\" srcset=\"https:\/\/purtsemetall.ee\/wp-content\/uploads\/2017\/03\/PHOTO-2023-03-28-08-23-51-600x600.jpg 600w, https:\/\/purtsemetall.ee\/wp-content\/uploads\/2017\/03\/PHOTO-2023-03-28-08-23-51-180x180.jpg 180w\" sizes=\"(max-width: 600px) 100vw, 600px\" \/>         <\/a>\n         <a class=\"link\" href=\"https:\/\/purtsemetall.ee\/fi\/portfolio\/savustusuunit\/\"><i class=\"fas fa-link\"><\/i><\/a>\n      <\/div>\n      <div class=\"portfolio-content\">\n         <div class=\"content-inner\">\n            <h3 class=\"title\"><a href=\"https:\/\/purtsemetall.ee\/fi\/portfolio\/savustusuunit\/\">Savustusuunit<\/a><\/h3> \n         <\/div>\n      <\/div>   \n   <\/div>\n<\/div>\n\n  <div class=\"all aeda-fi  item-columns isotope-item\">\n   <div class=\"portfolio-block portfolio-v2\">      \n      <div class=\"images\">\n         <a class=\"link-image-content\" href=\"https:\/\/purtsemetall.ee\/fi\/portfolio\/kalusteet\/\">\n            <img decoding=\"async\" width=\"600\" height=\"600\" src=\"https:\/\/purtsemetall.ee\/wp-content\/uploads\/2017\/03\/m6-600x600.jpeg\" class=\"attachment-medium size-medium wp-post-image\" alt=\"\" srcset=\"https:\/\/purtsemetall.ee\/wp-content\/uploads\/2017\/03\/m6-600x600.jpeg 600w, https:\/\/purtsemetall.ee\/wp-content\/uploads\/2017\/03\/m6-180x180.jpeg 180w\" sizes=\"(max-width: 600px) 100vw, 600px\" \/>         <\/a>\n         <a class=\"link\" href=\"https:\/\/purtsemetall.ee\/fi\/portfolio\/kalusteet\/\"><i class=\"fas fa-link\"><\/i><\/a>\n      <\/div>\n      <div class=\"portfolio-content\">\n         <div class=\"content-inner\">\n            <h3 class=\"title\"><a href=\"https:\/\/purtsemetall.ee\/fi\/portfolio\/kalusteet\/\">Kalusteet<\/a><\/h3> \n         <\/div>\n      <\/div>   \n   <\/div>\n<\/div>\n\n  <div class=\"all koju-fi  item-columns isotope-item\">\n   <div class=\"portfolio-block portfolio-v2\">      \n      <div class=\"images\">\n         <a class=\"link-image-content\" href=\"https:\/\/purtsemetall.ee\/fi\/portfolio\/taokset\/\">\n            <img loading=\"lazy\" decoding=\"async\" width=\"600\" height=\"600\" src=\"https:\/\/purtsemetall.ee\/wp-content\/uploads\/2017\/03\/PurtseMetall3-600x600.jpg\" class=\"attachment-medium size-medium wp-post-image\" alt=\"\" srcset=\"https:\/\/purtsemetall.ee\/wp-content\/uploads\/2017\/03\/PurtseMetall3-600x600.jpg 600w, https:\/\/purtsemetall.ee\/wp-content\/uploads\/2017\/03\/PurtseMetall3-180x180.jpg 180w\" sizes=\"(max-width: 600px) 100vw, 600px\" \/>         <\/a>\n         <a class=\"link\" href=\"https:\/\/purtsemetall.ee\/fi\/portfolio\/taokset\/\"><i class=\"fas fa-link\"><\/i><\/a>\n      <\/div>\n      <div class=\"portfolio-content\">\n         <div class=\"content-inner\">\n            <h3 class=\"title\"><a href=\"https:\/\/purtsemetall.ee\/fi\/portfolio\/taokset\/\">Taokset<\/a><\/h3> \n         <\/div>\n      <\/div>   \n   <\/div>\n<\/div>\n\n  <div class=\"all erilahendused-fi  item-columns isotope-item\">\n   <div class=\"portfolio-block portfolio-v2\">      \n      <div class=\"images\">\n         <a class=\"link-image-content\" href=\"https:\/\/purtsemetall.ee\/fi\/portfolio\/tulipadat\/\">\n            <img loading=\"lazy\" decoding=\"async\" width=\"600\" height=\"600\" src=\"https:\/\/purtsemetall.ee\/wp-content\/uploads\/2017\/03\/l6-600x600.jpeg\" class=\"attachment-medium size-medium wp-post-image\" alt=\"\" srcset=\"https:\/\/purtsemetall.ee\/wp-content\/uploads\/2017\/03\/l6-600x600.jpeg 600w, https:\/\/purtsemetall.ee\/wp-content\/uploads\/2017\/03\/l6-180x180.jpeg 180w\" sizes=\"(max-width: 600px) 100vw, 600px\" \/>         <\/a>\n         <a class=\"link\" href=\"https:\/\/purtsemetall.ee\/fi\/portfolio\/tulipadat\/\"><i class=\"fas fa-link\"><\/i><\/a>\n      <\/div>\n      <div class=\"portfolio-content\">\n         <div class=\"content-inner\">\n            <h3 class=\"title\"><a href=\"https:\/\/purtsemetall.ee\/fi\/portfolio\/tulipadat\/\">Tulipadat<\/a><\/h3> \n         <\/div>\n      <\/div>   \n   <\/div>\n<\/div>\n\n  <div class=\"all grill-fi  item-columns isotope-item\">\n   <div class=\"portfolio-block portfolio-v2\">      \n      <div class=\"images\">\n         <a class=\"link-image-content\" href=\"https:\/\/purtsemetall.ee\/fi\/portfolio\/grillit\/\">\n            <img loading=\"lazy\" decoding=\"async\" width=\"600\" height=\"600\" src=\"https:\/\/purtsemetall.ee\/wp-content\/uploads\/2017\/03\/g4-600x600.jpeg\" class=\"attachment-medium size-medium wp-post-image\" alt=\"\" srcset=\"https:\/\/purtsemetall.ee\/wp-content\/uploads\/2017\/03\/g4-600x600.jpeg 600w, https:\/\/purtsemetall.ee\/wp-content\/uploads\/2017\/03\/g4-180x180.jpeg 180w\" sizes=\"(max-width: 600px) 100vw, 600px\" \/>         <\/a>\n         <a class=\"link\" href=\"https:\/\/purtsemetall.ee\/fi\/portfolio\/grillit\/\"><i class=\"fas fa-link\"><\/i><\/a>\n      <\/div>\n      <div class=\"portfolio-content\">\n         <div class=\"content-inner\">\n            <h3 class=\"title\"><a href=\"https:\/\/purtsemetall.ee\/fi\/portfolio\/grillit\/\">Grillit<\/a><\/h3> \n         <\/div>\n      <\/div>   \n   <\/div>\n<\/div>\n\n  <div class=\"all koju-fi  item-columns isotope-item\">\n   <div class=\"portfolio-block portfolio-v2\">      \n      <div class=\"images\">\n         <a class=\"link-image-content\" href=\"https:\/\/purtsemetall.ee\/fi\/portfolio\/uunit\/\">\n            <img loading=\"lazy\" decoding=\"async\" width=\"600\" height=\"600\" src=\"https:\/\/purtsemetall.ee\/wp-content\/uploads\/2017\/03\/p1-600x600.jpeg\" class=\"attachment-medium size-medium wp-post-image\" alt=\"\" srcset=\"https:\/\/purtsemetall.ee\/wp-content\/uploads\/2017\/03\/p1-600x600.jpeg 600w, https:\/\/purtsemetall.ee\/wp-content\/uploads\/2017\/03\/p1-180x180.jpeg 180w\" sizes=\"(max-width: 600px) 100vw, 600px\" \/>         <\/a>\n         <a class=\"link\" href=\"https:\/\/purtsemetall.ee\/fi\/portfolio\/uunit\/\"><i class=\"fas fa-link\"><\/i><\/a>\n      <\/div>\n      <div class=\"portfolio-content\">\n         <div class=\"content-inner\">\n            <h3 class=\"title\"><a href=\"https:\/\/purtsemetall.ee\/fi\/portfolio\/uunit\/\">Uunit<\/a><\/h3> \n         <\/div>\n      <\/div>   \n   <\/div>\n<\/div>\n\n  <div class=\"all erilahendused-fi  item-columns isotope-item\">\n   <div class=\"portfolio-block portfolio-v2\">      \n      <div class=\"images\">\n         <a class=\"link-image-content\" href=\"https:\/\/purtsemetall.ee\/fi\/portfolio\/erikoisratkaisut\/\">\n            <img loading=\"lazy\" decoding=\"async\" width=\"600\" height=\"600\" src=\"https:\/\/purtsemetall.ee\/wp-content\/uploads\/2017\/03\/PurtseMetallkatus2-600x600.jpg\" class=\"attachment-medium size-medium wp-post-image\" alt=\"\" srcset=\"https:\/\/purtsemetall.ee\/wp-content\/uploads\/2017\/03\/PurtseMetallkatus2-600x600.jpg 600w, https:\/\/purtsemetall.ee\/wp-content\/uploads\/2017\/03\/PurtseMetallkatus2-180x180.jpg 180w\" sizes=\"(max-width: 600px) 100vw, 600px\" \/>         <\/a>\n         <a class=\"link\" href=\"https:\/\/purtsemetall.ee\/fi\/portfolio\/erikoisratkaisut\/\"><i class=\"fas fa-link\"><\/i><\/a>\n      <\/div>\n      <div class=\"portfolio-content\">\n         <div class=\"content-inner\">\n            <h3 class=\"title\"><a href=\"https:\/\/purtsemetall.ee\/fi\/portfolio\/erikoisratkaisut\/\">Erikoisratkaisut<\/a><\/h3> \n         <\/div>\n      <\/div>   \n   <\/div>\n<\/div>\n\n        <\/div>\r\n    <\/div>\r\n      <\/div>\r\n  <\/div>\t\t\t\t<\/div>\n\t\t\t\t<\/div>\n\t\t\t\t\t<\/div>\n\t\t<\/div>\n\t\t\t\t\t<\/div>\n\t\t<\/section>\n\t\t\t\t<section class=\"elementor-section elementor-top-section elementor-element elementor-element-0ce239e bg-row-theme elementor-section-boxed elementor-section-height-default elementor-section-height-default\" data-id=\"0ce239e\" data-element_type=\"section\" data-e-type=\"section\">\n\t\t\t\t\t\t<div class=\"elementor-container elementor-column-gap-default\">\n\t\t\t\t\t<div class=\"elementor-column elementor-col-100 elementor-top-column elementor-element elementor-element-3d09a37 top column-style-top\" data-id=\"3d09a37\" data-element_type=\"column\" data-e-type=\"column\">\n\t\t\t<div class=\"elementor-widget-wrap elementor-element-populated\">\n\t\t\t\t\t\t<div class=\"elementor-element elementor-element-fd0d7d9 elementor-widget elementor-widget-gva-call-to-action\" data-id=\"fd0d7d9\" data-element_type=\"widget\" data-e-type=\"widget\" data-widget_type=\"gva-call-to-action.default\">\n\t\t\t\t<div class=\"elementor-widget-container\">\n\t\t\t\t\t<div class=\"gva-element-gva-call-to-action gva-element\">\r\n   <div class=\"button-right widget gsc-call-to-action\">\r\n      <div class=\"content-inner clearfix\" >\r\n         <div class=\"cta-content\">\r\n                           <h2 class=\"title\">\r\n                  <span>Teemme my\u00f6s mittatilaust\u00f6it\u00e4<\/span>\r\n               <\/h2>\r\n                                                   <div class=\"desc\">Olemme aina avoimia uusille projekteille ja yhteisty\u00f6kumppaneille<\/div>\r\n                     <\/div>\r\n                     <div class=\"button-action\">\r\n                       <a href=\"https:\/\/purtsemetall.ee\/fi\/yhteystiedot\/\" class=\"btn-cta btn-black\">\r\n          <span>KYSY LIS\u00c4\u00c4<\/span>\r\n        <\/a>\r\n\r\n                    <\/div>\r\n               <\/div>\r\n   <\/div>\r\n<\/div>\t\t\t\t<\/div>\n\t\t\t\t<\/div>\n\t\t\t\t\t<\/div>\n\t\t<\/div>\n\t\t\t\t\t<\/div>\n\t\t<\/section>\n\t\t\t\t<\/div>\n\t\t","protected":false},"excerpt":{"rendered":"<p>Aelltes port lacus quis enim var sed efficitur turpis gilla sed sit lorem ipsum is simply free amet finibus eros.<\/p>\n","protected":false},"author":1,"featured_media":0,"parent":0,"menu_order":0,"comment_status":"closed","ping_status":"closed","template":"","meta":{"footnotes":""},"class_list":["post-14043","page","type-page","status-publish","hentry"],"yoast_head":"<!-- This site is optimized with the Yoast SEO plugin v27.3 - https:\/\/yoast.com\/product\/yoast-seo-wordpress\/ -->\n<title>Tuotteemme - Purtse Metall<\/title>\n<meta name=\"robots\" content=\"index, follow, max-snippet:-1, max-image-preview:large, max-video-preview:-1\" \/>\n<link rel=\"canonical\" href=\"https:\/\/purtsemetall.ee\/fi\/tuotteemme\/\" \/>\n<meta property=\"og:locale\" content=\"fi_FI\" \/>\n<meta property=\"og:type\" content=\"article\" \/>\n<meta property=\"og:title\" content=\"Tuotteemme - Purtse Metall\" \/>\n<meta property=\"og:description\" content=\"Aelltes port lacus quis enim var sed efficitur turpis gilla sed sit lorem ipsum is simply free amet finibus eros.\" \/>\n<meta property=\"og:url\" content=\"https:\/\/purtsemetall.ee\/fi\/tuotteemme\/\" \/>\n<meta property=\"og:site_name\" content=\"Purtse Metall\" \/>\n<meta property=\"article:publisher\" content=\"https:\/\/www.facebook.com\/profile.php?id=100057048776593\" \/>\n<meta property=\"article:modified_time\" content=\"2023-03-28T06:56:22+00:00\" \/>\n<meta property=\"og:image\" content=\"http:\/\/purtsemetall.ee\/wp-content\/uploads\/2017\/03\/a1-600x600.jpeg\" \/>\n<meta name=\"twitter:card\" content=\"summary_large_image\" \/>\n<meta name=\"twitter:label1\" content=\"Arvioitu lukuaika\" \/>\n\t<meta name=\"twitter:data1\" content=\"2 minuuttia\" \/>\n<script type=\"application\/ld+json\" class=\"yoast-schema-graph\">{\"@context\":\"https:\\\/\\\/schema.org\",\"@graph\":[{\"@type\":\"WebPage\",\"@id\":\"https:\\\/\\\/purtsemetall.ee\\\/fi\\\/tuotteemme\\\/\",\"url\":\"https:\\\/\\\/purtsemetall.ee\\\/fi\\\/tuotteemme\\\/\",\"name\":\"Tuotteemme - Purtse Metall\",\"isPartOf\":{\"@id\":\"https:\\\/\\\/purtsemetall.ee\\\/fi\\\/#website\"},\"primaryImageOfPage\":{\"@id\":\"https:\\\/\\\/purtsemetall.ee\\\/fi\\\/tuotteemme\\\/#primaryimage\"},\"image\":{\"@id\":\"https:\\\/\\\/purtsemetall.ee\\\/fi\\\/tuotteemme\\\/#primaryimage\"},\"thumbnailUrl\":\"http:\\\/\\\/purtsemetall.ee\\\/wp-content\\\/uploads\\\/2017\\\/03\\\/a1-600x600.jpeg\",\"datePublished\":\"2015-12-10T13:26:53+00:00\",\"dateModified\":\"2023-03-28T06:56:22+00:00\",\"breadcrumb\":{\"@id\":\"https:\\\/\\\/purtsemetall.ee\\\/fi\\\/tuotteemme\\\/#breadcrumb\"},\"inLanguage\":\"fi\",\"potentialAction\":[{\"@type\":\"ReadAction\",\"target\":[\"https:\\\/\\\/purtsemetall.ee\\\/fi\\\/tuotteemme\\\/\"]}]},{\"@type\":\"ImageObject\",\"inLanguage\":\"fi\",\"@id\":\"https:\\\/\\\/purtsemetall.ee\\\/fi\\\/tuotteemme\\\/#primaryimage\",\"url\":\"http:\\\/\\\/purtsemetall.ee\\\/wp-content\\\/uploads\\\/2017\\\/03\\\/a1-600x600.jpeg\",\"contentUrl\":\"http:\\\/\\\/purtsemetall.ee\\\/wp-content\\\/uploads\\\/2017\\\/03\\\/a1-600x600.jpeg\"},{\"@type\":\"BreadcrumbList\",\"@id\":\"https:\\\/\\\/purtsemetall.ee\\\/fi\\\/tuotteemme\\\/#breadcrumb\",\"itemListElement\":[{\"@type\":\"ListItem\",\"position\":1,\"name\":\"Home\",\"item\":\"https:\\\/\\\/purtsemetall.ee\\\/fi\\\/\"},{\"@type\":\"ListItem\",\"position\":2,\"name\":\"Tuotteemme\"}]},{\"@type\":\"WebSite\",\"@id\":\"https:\\\/\\\/purtsemetall.ee\\\/fi\\\/#website\",\"url\":\"https:\\\/\\\/purtsemetall.ee\\\/fi\\\/\",\"name\":\"Purtse Metall\",\"description\":\"Anname metallile soovitud kuju\",\"publisher\":{\"@id\":\"https:\\\/\\\/purtsemetall.ee\\\/fi\\\/#organization\"},\"potentialAction\":[{\"@type\":\"SearchAction\",\"target\":{\"@type\":\"EntryPoint\",\"urlTemplate\":\"https:\\\/\\\/purtsemetall.ee\\\/fi\\\/?s={search_term_string}\"},\"query-input\":{\"@type\":\"PropertyValueSpecification\",\"valueRequired\":true,\"valueName\":\"search_term_string\"}}],\"inLanguage\":\"fi\"},{\"@type\":\"Organization\",\"@id\":\"https:\\\/\\\/purtsemetall.ee\\\/fi\\\/#organization\",\"name\":\"Purtse Metall\",\"url\":\"https:\\\/\\\/purtsemetall.ee\\\/fi\\\/\",\"logo\":{\"@type\":\"ImageObject\",\"inLanguage\":\"fi\",\"@id\":\"https:\\\/\\\/purtsemetall.ee\\\/fi\\\/#\\\/schema\\\/logo\\\/image\\\/\",\"url\":\"http:\\\/\\\/purtsemetall.ee\\\/wp-content\\\/uploads\\\/2022\\\/02\\\/purtse_logo2.jpg\",\"contentUrl\":\"http:\\\/\\\/purtsemetall.ee\\\/wp-content\\\/uploads\\\/2022\\\/02\\\/purtse_logo2.jpg\",\"width\":351,\"height\":221,\"caption\":\"Purtse Metall\"},\"image\":{\"@id\":\"https:\\\/\\\/purtsemetall.ee\\\/fi\\\/#\\\/schema\\\/logo\\\/image\\\/\"},\"sameAs\":[\"https:\\\/\\\/www.facebook.com\\\/profile.php?id=100057048776593\"]}]}<\/script>\n<!-- \/ Yoast SEO plugin. -->","yoast_head_json":{"title":"Tuotteemme - Purtse Metall","robots":{"index":"index","follow":"follow","max-snippet":"max-snippet:-1","max-image-preview":"max-image-preview:large","max-video-preview":"max-video-preview:-1"},"canonical":"https:\/\/purtsemetall.ee\/fi\/tuotteemme\/","og_locale":"fi_FI","og_type":"article","og_title":"Tuotteemme - Purtse Metall","og_description":"Aelltes port lacus quis enim var sed efficitur turpis gilla sed sit lorem ipsum is simply free amet finibus eros.","og_url":"https:\/\/purtsemetall.ee\/fi\/tuotteemme\/","og_site_name":"Purtse Metall","article_publisher":"https:\/\/www.facebook.com\/profile.php?id=100057048776593","article_modified_time":"2023-03-28T06:56:22+00:00","og_image":[{"url":"http:\/\/purtsemetall.ee\/wp-content\/uploads\/2017\/03\/a1-600x600.jpeg","type":"","width":"","height":""}],"twitter_card":"summary_large_image","twitter_misc":{"Arvioitu lukuaika":"2 minuuttia"},"schema":{"@context":"https:\/\/schema.org","@graph":[{"@type":"WebPage","@id":"https:\/\/purtsemetall.ee\/fi\/tuotteemme\/","url":"https:\/\/purtsemetall.ee\/fi\/tuotteemme\/","name":"Tuotteemme - Purtse Metall","isPartOf":{"@id":"https:\/\/purtsemetall.ee\/fi\/#website"},"primaryImageOfPage":{"@id":"https:\/\/purtsemetall.ee\/fi\/tuotteemme\/#primaryimage"},"image":{"@id":"https:\/\/purtsemetall.ee\/fi\/tuotteemme\/#primaryimage"},"thumbnailUrl":"http:\/\/purtsemetall.ee\/wp-content\/uploads\/2017\/03\/a1-600x600.jpeg","datePublished":"2015-12-10T13:26:53+00:00","dateModified":"2023-03-28T06:56:22+00:00","breadcrumb":{"@id":"https:\/\/purtsemetall.ee\/fi\/tuotteemme\/#breadcrumb"},"inLanguage":"fi","potentialAction":[{"@type":"ReadAction","target":["https:\/\/purtsemetall.ee\/fi\/tuotteemme\/"]}]},{"@type":"ImageObject","inLanguage":"fi","@id":"https:\/\/purtsemetall.ee\/fi\/tuotteemme\/#primaryimage","url":"http:\/\/purtsemetall.ee\/wp-content\/uploads\/2017\/03\/a1-600x600.jpeg","contentUrl":"http:\/\/purtsemetall.ee\/wp-content\/uploads\/2017\/03\/a1-600x600.jpeg"},{"@type":"BreadcrumbList","@id":"https:\/\/purtsemetall.ee\/fi\/tuotteemme\/#breadcrumb","itemListElement":[{"@type":"ListItem","position":1,"name":"Home","item":"https:\/\/purtsemetall.ee\/fi\/"},{"@type":"ListItem","position":2,"name":"Tuotteemme"}]},{"@type":"WebSite","@id":"https:\/\/purtsemetall.ee\/fi\/#website","url":"https:\/\/purtsemetall.ee\/fi\/","name":"Purtse Metall","description":"Anname metallile soovitud kuju","publisher":{"@id":"https:\/\/purtsemetall.ee\/fi\/#organization"},"potentialAction":[{"@type":"SearchAction","target":{"@type":"EntryPoint","urlTemplate":"https:\/\/purtsemetall.ee\/fi\/?s={search_term_string}"},"query-input":{"@type":"PropertyValueSpecification","valueRequired":true,"valueName":"search_term_string"}}],"inLanguage":"fi"},{"@type":"Organization","@id":"https:\/\/purtsemetall.ee\/fi\/#organization","name":"Purtse Metall","url":"https:\/\/purtsemetall.ee\/fi\/","logo":{"@type":"ImageObject","inLanguage":"fi","@id":"https:\/\/purtsemetall.ee\/fi\/#\/schema\/logo\/image\/","url":"http:\/\/purtsemetall.ee\/wp-content\/uploads\/2022\/02\/purtse_logo2.jpg","contentUrl":"http:\/\/purtsemetall.ee\/wp-content\/uploads\/2022\/02\/purtse_logo2.jpg","width":351,"height":221,"caption":"Purtse Metall"},"image":{"@id":"https:\/\/purtsemetall.ee\/fi\/#\/schema\/logo\/image\/"},"sameAs":["https:\/\/www.facebook.com\/profile.php?id=100057048776593"]}]}},"_links":{"self":[{"href":"https:\/\/purtsemetall.ee\/fi\/wp-json\/wp\/v2\/pages\/14043","targetHints":{"allow":["GET"]}}],"collection":[{"href":"https:\/\/purtsemetall.ee\/fi\/wp-json\/wp\/v2\/pages"}],"about":[{"href":"https:\/\/purtsemetall.ee\/fi\/wp-json\/wp\/v2\/types\/page"}],"author":[{"embeddable":true,"href":"https:\/\/purtsemetall.ee\/fi\/wp-json\/wp\/v2\/users\/1"}],"replies":[{"embeddable":true,"href":"https:\/\/purtsemetall.ee\/fi\/wp-json\/wp\/v2\/comments?post=14043"}],"version-history":[{"count":14,"href":"https:\/\/purtsemetall.ee\/fi\/wp-json\/wp\/v2\/pages\/14043\/revisions"}],"predecessor-version":[{"id":14446,"href":"https:\/\/purtsemetall.ee\/fi\/wp-json\/wp\/v2\/pages\/14043\/revisions\/14446"}],"wp:attachment":[{"href":"https:\/\/purtsemetall.ee\/fi\/wp-json\/wp\/v2\/media?parent=14043"}],"curies":[{"name":"wp","href":"https:\/\/api.w.org\/{rel}","templated":true}]}}